{"id":566,"date":"2023-11-29T11:27:01","date_gmt":"2023-11-29T10:27:01","guid":{"rendered":"http:\/\/megabyte.follow-us.net\/?page_id=566"},"modified":"2024-07-24T11:07:22","modified_gmt":"2024-07-24T09:07:22","slug":"gouvernance-informatique","status":"publish","type":"page","link":"https:\/\/www.megabyte.be\/consulting\/services\/gouvernance-informatique\/","title":{"rendered":"Gouvernance Informatique"},"content":{"rendered":"\t\t<div data-elementor-type=\"wp-page\" data-elementor-id=\"566\" class=\"elementor elementor-566\" data-elementor-post-type=\"page\">\n\t\t\t\t<div class=\"elementor-element elementor-element-e658845 e-flex e-con-boxed e-con e-parent\" data-id=\"e658845\" data-element_type=\"container\" data-e-type=\"container\">\n\t\t\t\t\t<div class=\"e-con-inner\">\n\t\t\t\t<div class=\"elementor-element elementor-element-8716c70 elementor-widget elementor-widget-text-editor\" data-id=\"8716c70\" data-element_type=\"widget\" data-e-type=\"widget\" data-widget_type=\"text-editor.default\">\n\t\t\t\t<div class=\"elementor-widget-container\">\n\t\t\t\t\t\t\t\t\t<p>La gouvernance informatique est l\u2019ensemble des processus, des politiques et des proc\u00e9dures qui guident et r\u00e9gissent la gestion des technologies de l\u2019information (TI) au sein d\u2019une entreprise. <strong>La gouvernance informatique est essentielle pour garantir que les investissements dans les technologies de l\u2019information sont align\u00e9s sur les objectifs commerciaux de l\u2019entreprise<\/strong>, que les risques li\u00e9s \u00e0 l\u2019utilisation des technologies de l\u2019information sont g\u00e9r\u00e9s de mani\u00e8re appropri\u00e9e et que la conformit\u00e9 aux lois et aux r\u00e9glementations est respect\u00e9e.<\/p><p>La gouvernance informatique comprend plusieurs \u00e9l\u00e9ments cl\u00e9s, tels que <strong>la strat\u00e9gie informatique, la gestion des risques, la gestion des budgets et des co\u00fbts, la gestion des projets, la s\u00e9curit\u00e9 de l\u2019information, la conformit\u00e9 r\u00e9glementaire et la gestion des performances.<\/strong> Voici quelques \u00e9l\u00e9ments cl\u00e9s de la gouvernance informatique :<\/p><ol><li><strong>Strat\u00e9gie informatique<\/strong> : La strat\u00e9gie informatique doit \u00eatre align\u00e9e sur la strat\u00e9gie globale de l\u2019entreprise et doit identifier les priorit\u00e9s et les objectifs cl\u00e9s pour l\u2019utilisation des technologies de l\u2019information.<\/li><\/ol><ol start=\"2\"><li><strong>Gestion des risques<\/strong> : La gestion des risques informatiques doit \u00eatre int\u00e9gr\u00e9e dans l\u2019ensemble des processus de l\u2019entreprise pour identifier, \u00e9valuer et g\u00e9rer les risques li\u00e9s \u00e0 l\u2019utilisation des technologies de l\u2019information.<\/li><\/ol><ol start=\"3\"><li><strong>Gestion des budgets et des co\u00fbts<\/strong> : La gestion des budgets et des co\u00fbts informatiques doit \u00eatre align\u00e9e sur les objectifs commerciaux et les priorit\u00e9s strat\u00e9giques de l\u2019entreprise.<\/li><\/ol><ol start=\"4\"><li><strong>Gestion des projets<\/strong> : La gestion des projets informatiques doit \u00eatre utilis\u00e9e pour planifier, ex\u00e9cuter et contr\u00f4ler les projets li\u00e9s aux technologies de l\u2019information afin de garantir que les projets sont livr\u00e9s dans les d\u00e9lais et les budgets impartis.<\/li><\/ol><ol start=\"5\"><li><strong>S\u00e9curit\u00e9 de l\u2019information<\/strong> : La s\u00e9curit\u00e9 de l\u2019information doit \u00eatre int\u00e9gr\u00e9e dans tous les aspects de la gouvernance informatique pour garantir la confidentialit\u00e9, l\u2019int\u00e9grit\u00e9 et la disponibilit\u00e9 des donn\u00e9es.<\/li><\/ol><ol start=\"6\"><li><strong>Conformit\u00e9 r\u00e9glementaire<\/strong> : La conformit\u00e9 aux lois et aux r\u00e9glementations doit \u00eatre respect\u00e9e pour s\u2019assurer que les technologies de l\u2019information sont utilis\u00e9es de mani\u00e8re \u00e9thique et l\u00e9gale.<\/li><\/ol><ol start=\"7\"><li><strong>Gestion des performances<\/strong> : La gestion des performances informatiques doit \u00eatre utilis\u00e9e pour surveiller, mesurer et am\u00e9liorer la performance des technologies de l\u2019information pour r\u00e9pondre aux besoins de l\u2019entreprise.<\/li><\/ol><p>En utilisant une approche de Gouvernance informatique, les entreprises <strong>peuvent s\u2019assurer que leurs investissements dans les technologies de l\u2019information sont align\u00e9s sur leurs objectifs commerciaux<\/strong>, que les risques sont g\u00e9r\u00e9s de mani\u00e8re appropri\u00e9e et que la conformit\u00e9 est respect\u00e9e. Cela peut aider \u00e0 <strong>garantir que les technologies de l\u2019information sont utilis\u00e9es de mani\u00e8re efficace et efficiente<\/strong> pour soutenir les processus m\u00e9tier et am\u00e9liorer les performances globales de l\u2019entreprise.<\/p>\t\t\t\t\t\t\t\t<\/div>\n\t\t\t\t<\/div>\n\t\t\t\t\t<\/div>\n\t\t\t\t<\/div>\n\t\t\t\t<\/div>\n\t\t","protected":false},"excerpt":{"rendered":"<p>La gouvernance informatique est l\u2019ensemble des processus, des politiques et des proc\u00e9dures qui guident et r\u00e9gissent la gestion des technologies de l\u2019information (TI) au sein d\u2019une entreprise. La gouvernance informatique est essentielle pour garantir que les investissements dans les technologies de l\u2019information sont align\u00e9s sur les objectifs commerciaux de l\u2019entreprise, que les risques li\u00e9s \u00e0 [&hellip;]<\/p>\n","protected":false},"author":1,"featured_media":567,"parent":22,"menu_order":5,"comment_status":"closed","ping_status":"closed","template":"","meta":{"_acf_changed":false,"footnotes":""},"class_list":["post-566","page","type-page","status-publish","has-post-thumbnail","hentry"],"acf":[],"yoast_head":"<!-- This site is optimized with the Yoast SEO plugin v27.3 - https:\/\/yoast.com\/product\/yoast-seo-wordpress\/ -->\n<title>Gouvernance Informatique - Megabyte Consulting<\/title>\n<meta name=\"robots\" content=\"index, follow, max-snippet:-1, max-image-preview:large, max-video-preview:-1\" \/>\n<link rel=\"canonical\" href=\"https:\/\/www.megabyte.be\/consulting\/services\/gouvernance-informatique\/\" \/>\n<meta property=\"og:locale\" content=\"fr_FR\" \/>\n<meta property=\"og:type\" content=\"article\" \/>\n<meta property=\"og:title\" content=\"Gouvernance Informatique - Megabyte Consulting\" \/>\n<meta property=\"og:description\" content=\"La gouvernance informatique est l\u2019ensemble des processus, des politiques et des proc\u00e9dures qui guident et r\u00e9gissent la gestion des technologies de l\u2019information (TI) au sein d\u2019une entreprise. La gouvernance informatique est essentielle pour garantir que les investissements dans les technologies de l\u2019information sont align\u00e9s sur les objectifs commerciaux de l\u2019entreprise, que les risques li\u00e9s \u00e0 [&hellip;]\" \/>\n<meta property=\"og:url\" content=\"https:\/\/www.megabyte.be\/consulting\/services\/gouvernance-informatique\/\" \/>\n<meta property=\"og:site_name\" content=\"Megabyte Consulting\" \/>\n<meta property=\"article:modified_time\" content=\"2024-07-24T09:07:22+00:00\" \/>\n<meta property=\"og:image\" content=\"https:\/\/megabyte.follow-us.net\/wp-content\/uploads\/2023\/11\/Megabyte-gouvernance-informatique.jpg\" \/>\n\t<meta property=\"og:image:width\" content=\"1920\" \/>\n\t<meta property=\"og:image:height\" content=\"500\" \/>\n\t<meta property=\"og:image:type\" content=\"image\/jpeg\" \/>\n<meta name=\"twitter:card\" content=\"summary_large_image\" \/>\n<meta name=\"twitter:label1\" content=\"Dur\u00e9e de lecture estim\u00e9e\" \/>\n\t<meta name=\"twitter:data1\" content=\"3 minutes\" \/>\n<script type=\"application\/ld+json\" class=\"yoast-schema-graph\">{\"@context\":\"https:\\\/\\\/schema.org\",\"@graph\":[{\"@type\":\"WebPage\",\"@id\":\"https:\\\/\\\/www.megabyte.be\\\/consulting\\\/services\\\/gouvernance-informatique\\\/\",\"url\":\"https:\\\/\\\/www.megabyte.be\\\/consulting\\\/services\\\/gouvernance-informatique\\\/\",\"name\":\"Gouvernance Informatique - Megabyte Consulting\",\"isPartOf\":{\"@id\":\"https:\\\/\\\/megabyte.follow-us.net\\\/#website\"},\"primaryImageOfPage\":{\"@id\":\"https:\\\/\\\/www.megabyte.be\\\/consulting\\\/services\\\/gouvernance-informatique\\\/#primaryimage\"},\"image\":{\"@id\":\"https:\\\/\\\/www.megabyte.be\\\/consulting\\\/services\\\/gouvernance-informatique\\\/#primaryimage\"},\"thumbnailUrl\":\"https:\\\/\\\/www.megabyte.be\\\/consulting\\\/wp-content\\\/uploads\\\/2023\\\/11\\\/Megabyte-gouvernance-informatique.jpg\",\"datePublished\":\"2023-11-29T10:27:01+00:00\",\"dateModified\":\"2024-07-24T09:07:22+00:00\",\"breadcrumb\":{\"@id\":\"https:\\\/\\\/www.megabyte.be\\\/consulting\\\/services\\\/gouvernance-informatique\\\/#breadcrumb\"},\"inLanguage\":\"fr-FR\",\"potentialAction\":[{\"@type\":\"ReadAction\",\"target\":[\"https:\\\/\\\/www.megabyte.be\\\/consulting\\\/services\\\/gouvernance-informatique\\\/\"]}]},{\"@type\":\"ImageObject\",\"inLanguage\":\"fr-FR\",\"@id\":\"https:\\\/\\\/www.megabyte.be\\\/consulting\\\/services\\\/gouvernance-informatique\\\/#primaryimage\",\"url\":\"https:\\\/\\\/www.megabyte.be\\\/consulting\\\/wp-content\\\/uploads\\\/2023\\\/11\\\/Megabyte-gouvernance-informatique.jpg\",\"contentUrl\":\"https:\\\/\\\/www.megabyte.be\\\/consulting\\\/wp-content\\\/uploads\\\/2023\\\/11\\\/Megabyte-gouvernance-informatique.jpg\",\"width\":1920,\"height\":500},{\"@type\":\"BreadcrumbList\",\"@id\":\"https:\\\/\\\/www.megabyte.be\\\/consulting\\\/services\\\/gouvernance-informatique\\\/#breadcrumb\",\"itemListElement\":[{\"@type\":\"ListItem\",\"position\":1,\"name\":\"Home\",\"item\":\"https:\\\/\\\/www.megabyte.be\\\/consulting\\\/\"},{\"@type\":\"ListItem\",\"position\":2,\"name\":\"Nos services\",\"item\":\"https:\\\/\\\/megabyte.follow-us.net\\\/services\\\/\"},{\"@type\":\"ListItem\",\"position\":3,\"name\":\"Gouvernance Informatique\"}]},{\"@type\":\"WebSite\",\"@id\":\"https:\\\/\\\/megabyte.follow-us.net\\\/#website\",\"url\":\"https:\\\/\\\/megabyte.follow-us.net\\\/\",\"name\":\"Megabyte Consulting\",\"description\":\"\",\"publisher\":{\"@id\":\"https:\\\/\\\/megabyte.follow-us.net\\\/#organization\"},\"potentialAction\":[{\"@type\":\"SearchAction\",\"target\":{\"@type\":\"EntryPoint\",\"urlTemplate\":\"https:\\\/\\\/megabyte.follow-us.net\\\/?s={search_term_string}\"},\"query-input\":{\"@type\":\"PropertyValueSpecification\",\"valueRequired\":true,\"valueName\":\"search_term_string\"}}],\"inLanguage\":\"fr-FR\"},{\"@type\":\"Organization\",\"@id\":\"https:\\\/\\\/megabyte.follow-us.net\\\/#organization\",\"name\":\"Megabyte Consulting\",\"url\":\"https:\\\/\\\/megabyte.follow-us.net\\\/\",\"logo\":{\"@type\":\"ImageObject\",\"inLanguage\":\"fr-FR\",\"@id\":\"https:\\\/\\\/megabyte.follow-us.net\\\/#\\\/schema\\\/logo\\\/image\\\/\",\"url\":\"https:\\\/\\\/www.megabyte.be\\\/consulting\\\/wp-content\\\/uploads\\\/2023\\\/08\\\/Megabyte_Consulting_Logotype.svg\",\"contentUrl\":\"https:\\\/\\\/www.megabyte.be\\\/consulting\\\/wp-content\\\/uploads\\\/2023\\\/08\\\/Megabyte_Consulting_Logotype.svg\",\"width\":323,\"height\":56,\"caption\":\"Megabyte Consulting\"},\"image\":{\"@id\":\"https:\\\/\\\/megabyte.follow-us.net\\\/#\\\/schema\\\/logo\\\/image\\\/\"}}]}<\/script>\n<!-- \/ Yoast SEO plugin. -->","yoast_head_json":{"title":"Gouvernance Informatique - Megabyte Consulting","robots":{"index":"index","follow":"follow","max-snippet":"max-snippet:-1","max-image-preview":"max-image-preview:large","max-video-preview":"max-video-preview:-1"},"canonical":"https:\/\/www.megabyte.be\/consulting\/services\/gouvernance-informatique\/","og_locale":"fr_FR","og_type":"article","og_title":"Gouvernance Informatique - Megabyte Consulting","og_description":"La gouvernance informatique est l\u2019ensemble des processus, des politiques et des proc\u00e9dures qui guident et r\u00e9gissent la gestion des technologies de l\u2019information (TI) au sein d\u2019une entreprise. La gouvernance informatique est essentielle pour garantir que les investissements dans les technologies de l\u2019information sont align\u00e9s sur les objectifs commerciaux de l\u2019entreprise, que les risques li\u00e9s \u00e0 [&hellip;]","og_url":"https:\/\/www.megabyte.be\/consulting\/services\/gouvernance-informatique\/","og_site_name":"Megabyte Consulting","article_modified_time":"2024-07-24T09:07:22+00:00","og_image":[{"width":1920,"height":500,"url":"https:\/\/megabyte.follow-us.net\/wp-content\/uploads\/2023\/11\/Megabyte-gouvernance-informatique.jpg","type":"image\/jpeg"}],"twitter_card":"summary_large_image","twitter_misc":{"Dur\u00e9e de lecture estim\u00e9e":"3 minutes"},"schema":{"@context":"https:\/\/schema.org","@graph":[{"@type":"WebPage","@id":"https:\/\/www.megabyte.be\/consulting\/services\/gouvernance-informatique\/","url":"https:\/\/www.megabyte.be\/consulting\/services\/gouvernance-informatique\/","name":"Gouvernance Informatique - Megabyte Consulting","isPartOf":{"@id":"https:\/\/megabyte.follow-us.net\/#website"},"primaryImageOfPage":{"@id":"https:\/\/www.megabyte.be\/consulting\/services\/gouvernance-informatique\/#primaryimage"},"image":{"@id":"https:\/\/www.megabyte.be\/consulting\/services\/gouvernance-informatique\/#primaryimage"},"thumbnailUrl":"https:\/\/www.megabyte.be\/consulting\/wp-content\/uploads\/2023\/11\/Megabyte-gouvernance-informatique.jpg","datePublished":"2023-11-29T10:27:01+00:00","dateModified":"2024-07-24T09:07:22+00:00","breadcrumb":{"@id":"https:\/\/www.megabyte.be\/consulting\/services\/gouvernance-informatique\/#breadcrumb"},"inLanguage":"fr-FR","potentialAction":[{"@type":"ReadAction","target":["https:\/\/www.megabyte.be\/consulting\/services\/gouvernance-informatique\/"]}]},{"@type":"ImageObject","inLanguage":"fr-FR","@id":"https:\/\/www.megabyte.be\/consulting\/services\/gouvernance-informatique\/#primaryimage","url":"https:\/\/www.megabyte.be\/consulting\/wp-content\/uploads\/2023\/11\/Megabyte-gouvernance-informatique.jpg","contentUrl":"https:\/\/www.megabyte.be\/consulting\/wp-content\/uploads\/2023\/11\/Megabyte-gouvernance-informatique.jpg","width":1920,"height":500},{"@type":"BreadcrumbList","@id":"https:\/\/www.megabyte.be\/consulting\/services\/gouvernance-informatique\/#breadcrumb","itemListElement":[{"@type":"ListItem","position":1,"name":"Home","item":"https:\/\/www.megabyte.be\/consulting\/"},{"@type":"ListItem","position":2,"name":"Nos services","item":"https:\/\/megabyte.follow-us.net\/services\/"},{"@type":"ListItem","position":3,"name":"Gouvernance Informatique"}]},{"@type":"WebSite","@id":"https:\/\/megabyte.follow-us.net\/#website","url":"https:\/\/megabyte.follow-us.net\/","name":"Megabyte Consulting","description":"","publisher":{"@id":"https:\/\/megabyte.follow-us.net\/#organization"},"potentialAction":[{"@type":"SearchAction","target":{"@type":"EntryPoint","urlTemplate":"https:\/\/megabyte.follow-us.net\/?s={search_term_string}"},"query-input":{"@type":"PropertyValueSpecification","valueRequired":true,"valueName":"search_term_string"}}],"inLanguage":"fr-FR"},{"@type":"Organization","@id":"https:\/\/megabyte.follow-us.net\/#organization","name":"Megabyte Consulting","url":"https:\/\/megabyte.follow-us.net\/","logo":{"@type":"ImageObject","inLanguage":"fr-FR","@id":"https:\/\/megabyte.follow-us.net\/#\/schema\/logo\/image\/","url":"https:\/\/www.megabyte.be\/consulting\/wp-content\/uploads\/2023\/08\/Megabyte_Consulting_Logotype.svg","contentUrl":"https:\/\/www.megabyte.be\/consulting\/wp-content\/uploads\/2023\/08\/Megabyte_Consulting_Logotype.svg","width":323,"height":56,"caption":"Megabyte Consulting"},"image":{"@id":"https:\/\/megabyte.follow-us.net\/#\/schema\/logo\/image\/"}}]}},"_links":{"self":[{"href":"https:\/\/www.megabyte.be\/consulting\/wp-json\/wp\/v2\/pages\/566","targetHints":{"allow":["GET"]}}],"collection":[{"href":"https:\/\/www.megabyte.be\/consulting\/wp-json\/wp\/v2\/pages"}],"about":[{"href":"https:\/\/www.megabyte.be\/consulting\/wp-json\/wp\/v2\/types\/page"}],"author":[{"embeddable":true,"href":"https:\/\/www.megabyte.be\/consulting\/wp-json\/wp\/v2\/users\/1"}],"replies":[{"embeddable":true,"href":"https:\/\/www.megabyte.be\/consulting\/wp-json\/wp\/v2\/comments?post=566"}],"version-history":[{"count":8,"href":"https:\/\/www.megabyte.be\/consulting\/wp-json\/wp\/v2\/pages\/566\/revisions"}],"predecessor-version":[{"id":2048,"href":"https:\/\/www.megabyte.be\/consulting\/wp-json\/wp\/v2\/pages\/566\/revisions\/2048"}],"up":[{"embeddable":true,"href":"https:\/\/www.megabyte.be\/consulting\/wp-json\/wp\/v2\/pages\/22"}],"wp:featuredmedia":[{"embeddable":true,"href":"https:\/\/www.megabyte.be\/consulting\/wp-json\/wp\/v2\/media\/567"}],"wp:attachment":[{"href":"https:\/\/www.megabyte.be\/consulting\/wp-json\/wp\/v2\/media?parent=566"}],"curies":[{"name":"wp","href":"https:\/\/api.w.org\/{rel}","templated":true}]}}