{"id":537,"date":"2023-11-29T11:04:43","date_gmt":"2023-11-29T10:04:43","guid":{"rendered":"http:\/\/megabyte.follow-us.net\/?page_id=537"},"modified":"2024-08-01T14:33:27","modified_gmt":"2024-08-01T12:33:27","slug":"gestion-de-projet-et-du-changement","status":"publish","type":"page","link":"https:\/\/www.megabyte.be\/consulting\/services\/gestion-de-projet-et-du-changement\/","title":{"rendered":"Gestion de Projet et du Changement"},"content":{"rendered":"\t\t<div data-elementor-type=\"wp-page\" data-elementor-id=\"537\" class=\"elementor elementor-537\" data-elementor-post-type=\"page\">\n\t\t\t\t<div class=\"elementor-element elementor-element-f098198 e-flex e-con-boxed e-con e-parent\" data-id=\"f098198\" data-element_type=\"container\" data-e-type=\"container\">\n\t\t\t\t\t<div class=\"e-con-inner\">\n\t\t\t\t<div class=\"elementor-element elementor-element-eaa2d36 elementor-widget elementor-widget-text-editor\" data-id=\"eaa2d36\" data-element_type=\"widget\" data-e-type=\"widget\" data-widget_type=\"text-editor.default\">\n\t\t\t\t<div class=\"elementor-widget-container\">\n\t\t\t\t\t\t\t\t\t<p>La gestion de projet et du changement est une discipline qui vise \u00e0 planifier, mettre en \u0153uvre, suivre et contr\u00f4ler les projets et les initiatives de changement dans une organisation. Cette discipline implique la gestion des ressources, des co\u00fbts, des d\u00e9lais, de la qualit\u00e9 et des risques associ\u00e9s \u00e0 un projet ou \u00e0 une initiative de changement, ainsi que la communication et la collaboration avec les parties prenantes impliqu\u00e9es dans le projet.<\/p>\t\t\t\t\t\t\t\t<\/div>\n\t\t\t\t<\/div>\n\t\t\t\t<div class=\"elementor-element elementor-element-c398bbb elementor-widget elementor-widget-heading\" data-id=\"c398bbb\" data-element_type=\"widget\" data-e-type=\"widget\" data-widget_type=\"heading.default\">\n\t\t\t\t<div class=\"elementor-widget-container\">\n\t\t\t\t\t<h2 class=\"elementor-heading-title elementor-size-default\">La gestion de projet et du changement implique les \u00e9tapes suivantes :\n\n<\/h2>\t\t\t\t<\/div>\n\t\t\t\t<\/div>\n\t\t\t\t<div class=\"elementor-element elementor-element-00f0365 elementor-widget elementor-widget-text-editor\" data-id=\"00f0365\" data-element_type=\"widget\" data-e-type=\"widget\" data-widget_type=\"text-editor.default\">\n\t\t\t\t<div class=\"elementor-widget-container\">\n\t\t\t\t\t\t\t\t\t<ol>\n \t<li>Planification : la premi\u00e8re \u00e9tape de la gestion de projet et du changement consiste \u00e0 planifier le projet ou l\u2019initiative de changement. Cette \u00e9tape implique l\u2019identification des objectifs du projet, la d\u00e9finition des livrables, l\u2019estimation des co\u00fbts et des d\u00e9lais, la d\u00e9termination des ressources n\u00e9cessaires et l\u2019identification des risques associ\u00e9s.<\/li>\n \t<li>Mise en \u0153uvre : la deuxi\u00e8me \u00e9tape consiste \u00e0 mettre en \u0153uvre le projet ou l\u2019initiative de changement en utilisant la planification \u00e9labor\u00e9e lors de la premi\u00e8re \u00e9tape.<\/li>\n \t<li>Suivi et contr\u00f4le : la troisi\u00e8me \u00e9tape consiste \u00e0 suivre et \u00e0 contr\u00f4ler l\u2019avancement du projet ou de l\u2019initiative de changement en utilisant des indicateurs cl\u00e9s de performance tels que les co\u00fbts, les d\u00e9lais et la qualit\u00e9.<\/li>\n \t<li>Communication : la quatri\u00e8me \u00e9tape consiste \u00e0 communiquer avec les parties prenantes impliqu\u00e9es dans le projet ou l\u2019initiative de changement pour s\u2019assurer que les objectifs sont clairement compris et que les r\u00e9sultats attendus sont atteints.<\/li>\n \t<li>Gestion des changements : la derni\u00e8re \u00e9tape de la gestion de projet et du changement consiste \u00e0 g\u00e9rer les changements apport\u00e9s par le projet ou l\u2019initiative de changement, en veillant \u00e0 ce que les processus de l\u2019organisation soient adapt\u00e9s pour s\u2019adapter aux nouveaux r\u00e9sultats.<\/li>\n<\/ol>\t\t\t\t\t\t\t\t<\/div>\n\t\t\t\t<\/div>\n\t\t\t\t<div class=\"elementor-element elementor-element-7a48ec8 elementor-widget elementor-widget-text-editor\" data-id=\"7a48ec8\" data-element_type=\"widget\" data-e-type=\"widget\" data-widget_type=\"text-editor.default\">\n\t\t\t\t<div class=\"elementor-widget-container\">\n\t\t\t\t\t\t\t\t\t<p>La gestion de projet et du changement est essentielle pour les organisations qui cherchent \u00e0 innover et \u00e0 s\u2019adapter \u00e0 un environnement en constante \u00e9volution. Elle peut aider les entreprises \u00e0 atteindre leurs objectifs plus rapidement et \u00e0 moindre co\u00fbt, tout en minimisant les risques associ\u00e9s aux projets et aux initiatives de changement.<\/p>\t\t\t\t\t\t\t\t<\/div>\n\t\t\t\t<\/div>\n\t\t\t\t\t<\/div>\n\t\t\t\t<\/div>\n\t\t\t\t<\/div>\n\t\t","protected":false},"excerpt":{"rendered":"<p>La gestion de projet et du changement est une discipline qui vise \u00e0 planifier, mettre en \u0153uvre, suivre et contr\u00f4ler les projets et les initiatives de changement dans une organisation. Cette discipline implique la gestion des ressources, des co\u00fbts, des d\u00e9lais, de la qualit\u00e9 et des risques associ\u00e9s \u00e0 un projet ou \u00e0 une initiative [&hellip;]<\/p>\n","protected":false},"author":1,"featured_media":538,"parent":22,"menu_order":1,"comment_status":"closed","ping_status":"closed","template":"","meta":{"_acf_changed":false,"footnotes":""},"class_list":["post-537","page","type-page","status-publish","has-post-thumbnail","hentry"],"acf":[],"yoast_head":"<!-- This site is optimized with the Yoast SEO plugin v27.4 - https:\/\/yoast.com\/product\/yoast-seo-wordpress\/ -->\n<title>Gestion de Projet et du Changement - Megabyte Consulting<\/title>\n<meta name=\"robots\" content=\"index, follow, max-snippet:-1, max-image-preview:large, max-video-preview:-1\" \/>\n<link rel=\"canonical\" href=\"https:\/\/www.megabyte.be\/consulting\/services\/gestion-de-projet-et-du-changement\/\" \/>\n<meta property=\"og:locale\" content=\"fr_FR\" \/>\n<meta property=\"og:type\" content=\"article\" \/>\n<meta property=\"og:title\" content=\"Gestion de Projet et du Changement - Megabyte Consulting\" \/>\n<meta property=\"og:description\" content=\"La gestion de projet et du changement est une discipline qui vise \u00e0 planifier, mettre en \u0153uvre, suivre et contr\u00f4ler les projets et les initiatives de changement dans une organisation. Cette discipline implique la gestion des ressources, des co\u00fbts, des d\u00e9lais, de la qualit\u00e9 et des risques associ\u00e9s \u00e0 un projet ou \u00e0 une initiative [&hellip;]\" \/>\n<meta property=\"og:url\" content=\"https:\/\/www.megabyte.be\/consulting\/services\/gestion-de-projet-et-du-changement\/\" \/>\n<meta property=\"og:site_name\" content=\"Megabyte Consulting\" \/>\n<meta property=\"article:modified_time\" content=\"2024-08-01T12:33:27+00:00\" \/>\n<meta property=\"og:image\" content=\"https:\/\/megabyte.follow-us.net\/wp-content\/uploads\/2023\/11\/Megabyte-Gestion-de-projet.jpg\" \/>\n\t<meta property=\"og:image:width\" content=\"1920\" \/>\n\t<meta property=\"og:image:height\" content=\"500\" \/>\n\t<meta property=\"og:image:type\" content=\"image\/jpeg\" \/>\n<meta name=\"twitter:card\" content=\"summary_large_image\" \/>\n<meta name=\"twitter:label1\" content=\"Dur\u00e9e de lecture estim\u00e9e\" \/>\n\t<meta name=\"twitter:data1\" content=\"2 minutes\" \/>\n<script type=\"application\/ld+json\" class=\"yoast-schema-graph\">{\"@context\":\"https:\\\/\\\/schema.org\",\"@graph\":[{\"@type\":\"WebPage\",\"@id\":\"https:\\\/\\\/www.megabyte.be\\\/consulting\\\/services\\\/gestion-de-projet-et-du-changement\\\/\",\"url\":\"https:\\\/\\\/www.megabyte.be\\\/consulting\\\/services\\\/gestion-de-projet-et-du-changement\\\/\",\"name\":\"Gestion de Projet et du Changement - Megabyte Consulting\",\"isPartOf\":{\"@id\":\"https:\\\/\\\/megabyte.follow-us.net\\\/#website\"},\"primaryImageOfPage\":{\"@id\":\"https:\\\/\\\/www.megabyte.be\\\/consulting\\\/services\\\/gestion-de-projet-et-du-changement\\\/#primaryimage\"},\"image\":{\"@id\":\"https:\\\/\\\/www.megabyte.be\\\/consulting\\\/services\\\/gestion-de-projet-et-du-changement\\\/#primaryimage\"},\"thumbnailUrl\":\"https:\\\/\\\/www.megabyte.be\\\/consulting\\\/wp-content\\\/uploads\\\/2023\\\/11\\\/Megabyte-Gestion-de-projet.jpg\",\"datePublished\":\"2023-11-29T10:04:43+00:00\",\"dateModified\":\"2024-08-01T12:33:27+00:00\",\"breadcrumb\":{\"@id\":\"https:\\\/\\\/www.megabyte.be\\\/consulting\\\/services\\\/gestion-de-projet-et-du-changement\\\/#breadcrumb\"},\"inLanguage\":\"fr-FR\",\"potentialAction\":[{\"@type\":\"ReadAction\",\"target\":[\"https:\\\/\\\/www.megabyte.be\\\/consulting\\\/services\\\/gestion-de-projet-et-du-changement\\\/\"]}]},{\"@type\":\"ImageObject\",\"inLanguage\":\"fr-FR\",\"@id\":\"https:\\\/\\\/www.megabyte.be\\\/consulting\\\/services\\\/gestion-de-projet-et-du-changement\\\/#primaryimage\",\"url\":\"https:\\\/\\\/www.megabyte.be\\\/consulting\\\/wp-content\\\/uploads\\\/2023\\\/11\\\/Megabyte-Gestion-de-projet.jpg\",\"contentUrl\":\"https:\\\/\\\/www.megabyte.be\\\/consulting\\\/wp-content\\\/uploads\\\/2023\\\/11\\\/Megabyte-Gestion-de-projet.jpg\",\"width\":1920,\"height\":500},{\"@type\":\"BreadcrumbList\",\"@id\":\"https:\\\/\\\/www.megabyte.be\\\/consulting\\\/services\\\/gestion-de-projet-et-du-changement\\\/#breadcrumb\",\"itemListElement\":[{\"@type\":\"ListItem\",\"position\":1,\"name\":\"Home\",\"item\":\"https:\\\/\\\/www.megabyte.be\\\/consulting\\\/\"},{\"@type\":\"ListItem\",\"position\":2,\"name\":\"Nos services\",\"item\":\"https:\\\/\\\/megabyte.follow-us.net\\\/services\\\/\"},{\"@type\":\"ListItem\",\"position\":3,\"name\":\"Gestion de Projet et du Changement\"}]},{\"@type\":\"WebSite\",\"@id\":\"https:\\\/\\\/megabyte.follow-us.net\\\/#website\",\"url\":\"https:\\\/\\\/megabyte.follow-us.net\\\/\",\"name\":\"Megabyte Consulting\",\"description\":\"\",\"publisher\":{\"@id\":\"https:\\\/\\\/megabyte.follow-us.net\\\/#organization\"},\"potentialAction\":[{\"@type\":\"SearchAction\",\"target\":{\"@type\":\"EntryPoint\",\"urlTemplate\":\"https:\\\/\\\/megabyte.follow-us.net\\\/?s={search_term_string}\"},\"query-input\":{\"@type\":\"PropertyValueSpecification\",\"valueRequired\":true,\"valueName\":\"search_term_string\"}}],\"inLanguage\":\"fr-FR\"},{\"@type\":\"Organization\",\"@id\":\"https:\\\/\\\/megabyte.follow-us.net\\\/#organization\",\"name\":\"Megabyte Consulting\",\"url\":\"https:\\\/\\\/megabyte.follow-us.net\\\/\",\"logo\":{\"@type\":\"ImageObject\",\"inLanguage\":\"fr-FR\",\"@id\":\"https:\\\/\\\/megabyte.follow-us.net\\\/#\\\/schema\\\/logo\\\/image\\\/\",\"url\":\"https:\\\/\\\/www.megabyte.be\\\/consulting\\\/wp-content\\\/uploads\\\/2023\\\/08\\\/Megabyte_Consulting_Logotype.svg\",\"contentUrl\":\"https:\\\/\\\/www.megabyte.be\\\/consulting\\\/wp-content\\\/uploads\\\/2023\\\/08\\\/Megabyte_Consulting_Logotype.svg\",\"width\":323,\"height\":56,\"caption\":\"Megabyte Consulting\"},\"image\":{\"@id\":\"https:\\\/\\\/megabyte.follow-us.net\\\/#\\\/schema\\\/logo\\\/image\\\/\"}}]}<\/script>\n<!-- \/ Yoast SEO plugin. -->","yoast_head_json":{"title":"Gestion de Projet et du Changement - Megabyte Consulting","robots":{"index":"index","follow":"follow","max-snippet":"max-snippet:-1","max-image-preview":"max-image-preview:large","max-video-preview":"max-video-preview:-1"},"canonical":"https:\/\/www.megabyte.be\/consulting\/services\/gestion-de-projet-et-du-changement\/","og_locale":"fr_FR","og_type":"article","og_title":"Gestion de Projet et du Changement - Megabyte Consulting","og_description":"La gestion de projet et du changement est une discipline qui vise \u00e0 planifier, mettre en \u0153uvre, suivre et contr\u00f4ler les projets et les initiatives de changement dans une organisation. Cette discipline implique la gestion des ressources, des co\u00fbts, des d\u00e9lais, de la qualit\u00e9 et des risques associ\u00e9s \u00e0 un projet ou \u00e0 une initiative [&hellip;]","og_url":"https:\/\/www.megabyte.be\/consulting\/services\/gestion-de-projet-et-du-changement\/","og_site_name":"Megabyte Consulting","article_modified_time":"2024-08-01T12:33:27+00:00","og_image":[{"width":1920,"height":500,"url":"https:\/\/megabyte.follow-us.net\/wp-content\/uploads\/2023\/11\/Megabyte-Gestion-de-projet.jpg","type":"image\/jpeg"}],"twitter_card":"summary_large_image","twitter_misc":{"Dur\u00e9e de lecture estim\u00e9e":"2 minutes"},"schema":{"@context":"https:\/\/schema.org","@graph":[{"@type":"WebPage","@id":"https:\/\/www.megabyte.be\/consulting\/services\/gestion-de-projet-et-du-changement\/","url":"https:\/\/www.megabyte.be\/consulting\/services\/gestion-de-projet-et-du-changement\/","name":"Gestion de Projet et du Changement - Megabyte Consulting","isPartOf":{"@id":"https:\/\/megabyte.follow-us.net\/#website"},"primaryImageOfPage":{"@id":"https:\/\/www.megabyte.be\/consulting\/services\/gestion-de-projet-et-du-changement\/#primaryimage"},"image":{"@id":"https:\/\/www.megabyte.be\/consulting\/services\/gestion-de-projet-et-du-changement\/#primaryimage"},"thumbnailUrl":"https:\/\/www.megabyte.be\/consulting\/wp-content\/uploads\/2023\/11\/Megabyte-Gestion-de-projet.jpg","datePublished":"2023-11-29T10:04:43+00:00","dateModified":"2024-08-01T12:33:27+00:00","breadcrumb":{"@id":"https:\/\/www.megabyte.be\/consulting\/services\/gestion-de-projet-et-du-changement\/#breadcrumb"},"inLanguage":"fr-FR","potentialAction":[{"@type":"ReadAction","target":["https:\/\/www.megabyte.be\/consulting\/services\/gestion-de-projet-et-du-changement\/"]}]},{"@type":"ImageObject","inLanguage":"fr-FR","@id":"https:\/\/www.megabyte.be\/consulting\/services\/gestion-de-projet-et-du-changement\/#primaryimage","url":"https:\/\/www.megabyte.be\/consulting\/wp-content\/uploads\/2023\/11\/Megabyte-Gestion-de-projet.jpg","contentUrl":"https:\/\/www.megabyte.be\/consulting\/wp-content\/uploads\/2023\/11\/Megabyte-Gestion-de-projet.jpg","width":1920,"height":500},{"@type":"BreadcrumbList","@id":"https:\/\/www.megabyte.be\/consulting\/services\/gestion-de-projet-et-du-changement\/#breadcrumb","itemListElement":[{"@type":"ListItem","position":1,"name":"Home","item":"https:\/\/www.megabyte.be\/consulting\/"},{"@type":"ListItem","position":2,"name":"Nos services","item":"https:\/\/megabyte.follow-us.net\/services\/"},{"@type":"ListItem","position":3,"name":"Gestion de Projet et du Changement"}]},{"@type":"WebSite","@id":"https:\/\/megabyte.follow-us.net\/#website","url":"https:\/\/megabyte.follow-us.net\/","name":"Megabyte Consulting","description":"","publisher":{"@id":"https:\/\/megabyte.follow-us.net\/#organization"},"potentialAction":[{"@type":"SearchAction","target":{"@type":"EntryPoint","urlTemplate":"https:\/\/megabyte.follow-us.net\/?s={search_term_string}"},"query-input":{"@type":"PropertyValueSpecification","valueRequired":true,"valueName":"search_term_string"}}],"inLanguage":"fr-FR"},{"@type":"Organization","@id":"https:\/\/megabyte.follow-us.net\/#organization","name":"Megabyte Consulting","url":"https:\/\/megabyte.follow-us.net\/","logo":{"@type":"ImageObject","inLanguage":"fr-FR","@id":"https:\/\/megabyte.follow-us.net\/#\/schema\/logo\/image\/","url":"https:\/\/www.megabyte.be\/consulting\/wp-content\/uploads\/2023\/08\/Megabyte_Consulting_Logotype.svg","contentUrl":"https:\/\/www.megabyte.be\/consulting\/wp-content\/uploads\/2023\/08\/Megabyte_Consulting_Logotype.svg","width":323,"height":56,"caption":"Megabyte Consulting"},"image":{"@id":"https:\/\/megabyte.follow-us.net\/#\/schema\/logo\/image\/"}}]}},"_links":{"self":[{"href":"https:\/\/www.megabyte.be\/consulting\/wp-json\/wp\/v2\/pages\/537","targetHints":{"allow":["GET"]}}],"collection":[{"href":"https:\/\/www.megabyte.be\/consulting\/wp-json\/wp\/v2\/pages"}],"about":[{"href":"https:\/\/www.megabyte.be\/consulting\/wp-json\/wp\/v2\/types\/page"}],"author":[{"embeddable":true,"href":"https:\/\/www.megabyte.be\/consulting\/wp-json\/wp\/v2\/users\/1"}],"replies":[{"embeddable":true,"href":"https:\/\/www.megabyte.be\/consulting\/wp-json\/wp\/v2\/comments?post=537"}],"version-history":[{"count":9,"href":"https:\/\/www.megabyte.be\/consulting\/wp-json\/wp\/v2\/pages\/537\/revisions"}],"predecessor-version":[{"id":2240,"href":"https:\/\/www.megabyte.be\/consulting\/wp-json\/wp\/v2\/pages\/537\/revisions\/2240"}],"up":[{"embeddable":true,"href":"https:\/\/www.megabyte.be\/consulting\/wp-json\/wp\/v2\/pages\/22"}],"wp:featuredmedia":[{"embeddable":true,"href":"https:\/\/www.megabyte.be\/consulting\/wp-json\/wp\/v2\/media\/538"}],"wp:attachment":[{"href":"https:\/\/www.megabyte.be\/consulting\/wp-json\/wp\/v2\/media?parent=537"}],"curies":[{"name":"wp","href":"https:\/\/api.w.org\/{rel}","templated":true}]}}