{"id":22,"date":"2023-08-01T15:27:32","date_gmt":"2023-08-01T13:27:32","guid":{"rendered":"https:\/\/www.megabyte.be\/consulting\/?page_id=22"},"modified":"2024-08-01T14:49:13","modified_gmt":"2024-08-01T12:49:13","slug":"services","status":"publish","type":"page","link":"https:\/\/www.megabyte.be\/consulting\/services\/","title":{"rendered":"Nos services"},"content":{"rendered":"\t\t<div data-elementor-type=\"wp-page\" data-elementor-id=\"22\" class=\"elementor elementor-22\" data-elementor-post-type=\"page\">\n\t\t\t\t<div class=\"elementor-element elementor-element-da8a74f e-flex e-con-boxed e-con e-parent\" data-id=\"da8a74f\" data-element_type=\"container\" data-e-type=\"container\" id=\"maincontent\">\n\t\t\t\t\t<div class=\"e-con-inner\">\n\t\t\t\t<div class=\"elementor-element elementor-element-9251e96 elementor-widget-mobile__width-initial elementor-widget elementor-widget-heading\" data-id=\"9251e96\" data-element_type=\"widget\" data-e-type=\"widget\" data-widget_type=\"heading.default\">\n\t\t\t\t<div class=\"elementor-widget-container\">\n\t\t\t\t\t<h2 class=\"elementor-heading-title elementor-size-default\">Services<\/h2>\t\t\t\t<\/div>\n\t\t\t\t<\/div>\n\t\t\t\t<div class=\"elementor-element elementor-element-cb3f31b elementor-widget__width-initial elementor-widget elementor-widget-heading\" data-id=\"cb3f31b\" data-element_type=\"widget\" data-e-type=\"widget\" data-widget_type=\"heading.default\">\n\t\t\t\t<div class=\"elementor-widget-container\">\n\t\t\t\t\t<h2 class=\"elementor-heading-title elementor-size-default\">Toutes les expertises de Megabyte Consulting<\/h2>\t\t\t\t<\/div>\n\t\t\t\t<\/div>\n\t\t<div class=\"elementor-element elementor-element-6cd25bb e-flex e-con-boxed e-con e-child\" data-id=\"6cd25bb\" data-element_type=\"container\" data-e-type=\"container\">\n\t\t\t\t\t<div class=\"e-con-inner\">\n\t\t<div class=\"elementor-element elementor-element-c7aa014 e-flex e-con-boxed elementor-invisible e-con e-child\" data-id=\"c7aa014\" data-element_type=\"container\" data-e-type=\"container\" data-settings=\"{&quot;background_background&quot;:&quot;classic&quot;,&quot;animation&quot;:&quot;fadeInDown&quot;}\">\n\t\t\t\t\t<div class=\"e-con-inner\">\n\t\t\t\t<div class=\"elementor-element elementor-element-c7e4e4d elementor-widget elementor-widget-heading\" data-id=\"c7e4e4d\" data-element_type=\"widget\" data-e-type=\"widget\" data-widget_type=\"heading.default\">\n\t\t\t\t<div class=\"elementor-widget-container\">\n\t\t\t\t\t<h4 class=\"elementor-heading-title elementor-size-default\">Audit &amp; analyse des processus m\u00e9tier <\/h4>\t\t\t\t<\/div>\n\t\t\t\t<\/div>\n\t\t\t\t<div class=\"elementor-element elementor-element-36cbaa6 elementor-widget elementor-widget-text-editor\" data-id=\"36cbaa6\" data-element_type=\"widget\" data-e-type=\"widget\" data-widget_type=\"text-editor.default\">\n\t\t\t\t<div class=\"elementor-widget-container\">\n\t\t\t\t\t\t\t\t\t<p>\u00c9valuation et optimisation des processus m\u00e9tier existants pour am\u00e9liorer l&rsquo;efficacit\u00e9 et la productivit\u00e9.<\/p>\t\t\t\t\t\t\t\t<\/div>\n\t\t\t\t<\/div>\n\t\t\t\t<div class=\"elementor-element elementor-element-c450b6c elementor-widget elementor-widget-FU-button\" data-id=\"c450b6c\" data-element_type=\"widget\" data-e-type=\"widget\" data-widget_type=\"FU-button.default\">\n\t\t\t\t<div class=\"elementor-widget-container\">\n\t\t\t\t\t<div id=\"fu-button\"><div id=\"fu-button-wrapper\" class=\"minimal-light\"><a href=\"https:\/\/www.megabyte.be\/consulting\/services\/audit-analyse-des-processus-metier\/\" class=\"minimal-light\"><span>En savoir plus<\/span><div id=\"circle\"><div id=\"arrowBox\"><svg xmlns=\"http:\/\/www.w3.org\/2000\/svg\" width=\"20\" height=\"20\" viewBox=\"0 0 32 32\"><path fill=\"currentColor\" d=\"m18 6l-1.43 1.393L24.15 15H4v2h20.15l-7.58 7.573L18 26l10-10L18 6z\"\/><\/svg><\/div><\/div><\/a><\/div><\/div>\t\t\t\t<\/div>\n\t\t\t\t<\/div>\n\t\t\t\t\t<\/div>\n\t\t\t\t<\/div>\n\t\t<div class=\"elementor-element elementor-element-2af3537 e-flex e-con-boxed elementor-invisible e-con e-child\" data-id=\"2af3537\" data-element_type=\"container\" data-e-type=\"container\" data-settings=\"{&quot;background_background&quot;:&quot;classic&quot;,&quot;animation&quot;:&quot;fadeInDown&quot;}\">\n\t\t\t\t\t<div class=\"e-con-inner\">\n\t\t\t\t<div class=\"elementor-element elementor-element-bb7e406 elementor-widget elementor-widget-heading\" data-id=\"bb7e406\" data-element_type=\"widget\" data-e-type=\"widget\" data-widget_type=\"heading.default\">\n\t\t\t\t<div class=\"elementor-widget-container\">\n\t\t\t\t\t<h4 class=\"elementor-heading-title elementor-size-default\">Gestion de projet et du changement <\/h4>\t\t\t\t<\/div>\n\t\t\t\t<\/div>\n\t\t\t\t<div class=\"elementor-element elementor-element-169b0b0 elementor-widget elementor-widget-text-editor\" data-id=\"169b0b0\" data-element_type=\"widget\" data-e-type=\"widget\" data-widget_type=\"text-editor.default\">\n\t\t\t\t<div class=\"elementor-widget-container\">\n\t\t\t\t\t\t\t\t\t<p>Planification, ex\u00e9cution et suivi des projets informatiques, y compris la gestion des budgets et des \u00e9quipes de projet.<\/p>\t\t\t\t\t\t\t\t<\/div>\n\t\t\t\t<\/div>\n\t\t\t\t<div class=\"elementor-element elementor-element-2f2ec00 elementor-widget elementor-widget-FU-button\" data-id=\"2f2ec00\" data-element_type=\"widget\" data-e-type=\"widget\" data-widget_type=\"FU-button.default\">\n\t\t\t\t<div class=\"elementor-widget-container\">\n\t\t\t\t\t<div id=\"fu-button\"><div id=\"fu-button-wrapper\" class=\"minimal-light\"><a href=\"https:\/\/www.megabyte.be\/consulting\/services\/gestion-de-projet-et-du-changement\/\" class=\"minimal-light\"><span>En savoir plus<\/span><div id=\"circle\"><div id=\"arrowBox\"><svg xmlns=\"http:\/\/www.w3.org\/2000\/svg\" width=\"20\" height=\"20\" viewBox=\"0 0 32 32\"><path fill=\"currentColor\" d=\"m18 6l-1.43 1.393L24.15 15H4v2h20.15l-7.58 7.573L18 26l10-10L18 6z\"\/><\/svg><\/div><\/div><\/a><\/div><\/div>\t\t\t\t<\/div>\n\t\t\t\t<\/div>\n\t\t\t\t\t<\/div>\n\t\t\t\t<\/div>\n\t\t<div class=\"elementor-element elementor-element-67da27f e-flex e-con-boxed elementor-invisible e-con e-child\" data-id=\"67da27f\" data-element_type=\"container\" data-e-type=\"container\" data-settings=\"{&quot;background_background&quot;:&quot;classic&quot;,&quot;animation&quot;:&quot;fadeInDown&quot;}\">\n\t\t\t\t\t<div class=\"e-con-inner\">\n\t\t\t\t<div class=\"elementor-element elementor-element-348c03b elementor-widget elementor-widget-heading\" data-id=\"348c03b\" data-element_type=\"widget\" data-e-type=\"widget\" data-widget_type=\"heading.default\">\n\t\t\t\t<div class=\"elementor-widget-container\">\n\t\t\t\t\t<h4 class=\"elementor-heading-title elementor-size-default\">Int\u00e9gration de syst\u00e8mes<\/h4>\t\t\t\t<\/div>\n\t\t\t\t<\/div>\n\t\t\t\t<div class=\"elementor-element elementor-element-c9e6053 elementor-widget elementor-widget-text-editor\" data-id=\"c9e6053\" data-element_type=\"widget\" data-e-type=\"widget\" data-widget_type=\"text-editor.default\">\n\t\t\t\t<div class=\"elementor-widget-container\">\n\t\t\t\t\t\t\t\t\t<p>Int\u00e9gration de nos solutions aux diff\u00e9rents syst\u00e8mes informatiques de nos clients pour garantir une communication fluide et une gestion efficace des donn\u00e9es.<\/p>\t\t\t\t\t\t\t\t<\/div>\n\t\t\t\t<\/div>\n\t\t\t\t<div class=\"elementor-element elementor-element-22683a9 elementor-widget elementor-widget-FU-button\" data-id=\"22683a9\" data-element_type=\"widget\" data-e-type=\"widget\" data-widget_type=\"FU-button.default\">\n\t\t\t\t<div class=\"elementor-widget-container\">\n\t\t\t\t\t<div id=\"fu-button\"><div id=\"fu-button-wrapper\" class=\"minimal-light\"><a href=\"https:\/\/www.megabyte.be\/consulting\/services\/integration-de-systemes\/\" class=\"minimal-light\"><span>En savoir plus<\/span><div id=\"circle\"><div id=\"arrowBox\"><svg xmlns=\"http:\/\/www.w3.org\/2000\/svg\" width=\"20\" height=\"20\" viewBox=\"0 0 32 32\"><path fill=\"currentColor\" d=\"m18 6l-1.43 1.393L24.15 15H4v2h20.15l-7.58 7.573L18 26l10-10L18 6z\"\/><\/svg><\/div><\/div><\/a><\/div><\/div>\t\t\t\t<\/div>\n\t\t\t\t<\/div>\n\t\t\t\t\t<\/div>\n\t\t\t\t<\/div>\n\t\t\t\t\t<\/div>\n\t\t\t\t<\/div>\n\t\t<div class=\"elementor-element elementor-element-74e7a02 e-flex e-con-boxed e-con e-child\" data-id=\"74e7a02\" data-element_type=\"container\" data-e-type=\"container\">\n\t\t\t\t\t<div class=\"e-con-inner\">\n\t\t<div class=\"elementor-element elementor-element-e47b107 e-flex e-con-boxed elementor-invisible e-con e-child\" data-id=\"e47b107\" data-element_type=\"container\" data-e-type=\"container\" data-settings=\"{&quot;background_background&quot;:&quot;classic&quot;,&quot;animation&quot;:&quot;fadeInDown&quot;}\">\n\t\t\t\t\t<div class=\"e-con-inner\">\n\t\t\t\t<div class=\"elementor-element elementor-element-f013dac elementor-widget elementor-widget-heading\" data-id=\"f013dac\" data-element_type=\"widget\" data-e-type=\"widget\" data-widget_type=\"heading.default\">\n\t\t\t\t<div class=\"elementor-widget-container\">\n\t\t\t\t\t<h4 class=\"elementor-heading-title elementor-size-default\">Transformation num\u00e9rique <\/h4>\t\t\t\t<\/div>\n\t\t\t\t<\/div>\n\t\t\t\t<div class=\"elementor-element elementor-element-d509fb8 elementor-widget elementor-widget-text-editor\" data-id=\"d509fb8\" data-element_type=\"widget\" data-e-type=\"widget\" data-widget_type=\"text-editor.default\">\n\t\t\t\t<div class=\"elementor-widget-container\">\n\t\t\t\t\t\t\t\t\t<p>\u00c9valuation des opportunit\u00e9s de transformation num\u00e9rique pour aider les entreprises \u00e0 adopter de nouvelles technologies et \u00e0 am\u00e9liorer leur efficacit\u00e9 et leur productivit\u00e9 gr\u00e2ce \u00e0 nos solutions SaaS de gestion applicative.<\/p>\t\t\t\t\t\t\t\t<\/div>\n\t\t\t\t<\/div>\n\t\t\t\t<div class=\"elementor-element elementor-element-813c907 elementor-widget elementor-widget-FU-button\" data-id=\"813c907\" data-element_type=\"widget\" data-e-type=\"widget\" data-widget_type=\"FU-button.default\">\n\t\t\t\t<div class=\"elementor-widget-container\">\n\t\t\t\t\t<div id=\"fu-button\"><div id=\"fu-button-wrapper\" class=\"minimal-light\"><a href=\"https:\/\/www.megabyte.be\/consulting\/services\/transformation-numerique\/\" class=\"minimal-light\"><span>En savoir plus<\/span><div id=\"circle\"><div id=\"arrowBox\"><svg xmlns=\"http:\/\/www.w3.org\/2000\/svg\" width=\"20\" height=\"20\" viewBox=\"0 0 32 32\"><path fill=\"currentColor\" d=\"m18 6l-1.43 1.393L24.15 15H4v2h20.15l-7.58 7.573L18 26l10-10L18 6z\"\/><\/svg><\/div><\/div><\/a><\/div><\/div>\t\t\t\t<\/div>\n\t\t\t\t<\/div>\n\t\t\t\t\t<\/div>\n\t\t\t\t<\/div>\n\t\t<div class=\"elementor-element elementor-element-47c802d e-flex e-con-boxed elementor-invisible e-con e-child\" data-id=\"47c802d\" data-element_type=\"container\" data-e-type=\"container\" data-settings=\"{&quot;background_background&quot;:&quot;classic&quot;,&quot;animation&quot;:&quot;fadeInDown&quot;}\">\n\t\t\t\t\t<div class=\"e-con-inner\">\n\t\t\t\t<div class=\"elementor-element elementor-element-f3679e9 elementor-widget elementor-widget-heading\" data-id=\"f3679e9\" data-element_type=\"widget\" data-e-type=\"widget\" data-widget_type=\"heading.default\">\n\t\t\t\t<div class=\"elementor-widget-container\">\n\t\t\t\t\t<h4 class=\"elementor-heading-title elementor-size-default\">Formation et d\u00e9veloppement de comp\u00e9tences <\/h4>\t\t\t\t<\/div>\n\t\t\t\t<\/div>\n\t\t\t\t<div class=\"elementor-element elementor-element-98d1905 elementor-widget elementor-widget-text-editor\" data-id=\"98d1905\" data-element_type=\"widget\" data-e-type=\"widget\" data-widget_type=\"text-editor.default\">\n\t\t\t\t<div class=\"elementor-widget-container\">\n\t\t\t\t\t\t\t\t\t<p>Fournir une formation et un d\u00e9veloppement des comp\u00e9tences pour les employ\u00e9s de l&rsquo;entreprise autour de notre Plateforme de gestion applicative afin qu&rsquo;ils puissent utiliser efficacement les technologies et les outils informatiques.<\/p>\t\t\t\t\t\t\t\t<\/div>\n\t\t\t\t<\/div>\n\t\t\t\t<div class=\"elementor-element elementor-element-1ab67e1 elementor-widget elementor-widget-FU-button\" data-id=\"1ab67e1\" data-element_type=\"widget\" data-e-type=\"widget\" data-widget_type=\"FU-button.default\">\n\t\t\t\t<div class=\"elementor-widget-container\">\n\t\t\t\t\t<div id=\"fu-button\"><div id=\"fu-button-wrapper\" class=\"minimal-light\"><a href=\"https:\/\/www.megabyte.be\/consulting\/services\/formation-et-developpement-de-competences\/\" class=\"minimal-light\"><span>En savoir plus<\/span><div id=\"circle\"><div id=\"arrowBox\"><svg xmlns=\"http:\/\/www.w3.org\/2000\/svg\" width=\"20\" height=\"20\" viewBox=\"0 0 32 32\"><path fill=\"currentColor\" d=\"m18 6l-1.43 1.393L24.15 15H4v2h20.15l-7.58 7.573L18 26l10-10L18 6z\"\/><\/svg><\/div><\/div><\/a><\/div><\/div>\t\t\t\t<\/div>\n\t\t\t\t<\/div>\n\t\t\t\t\t<\/div>\n\t\t\t\t<\/div>\n\t\t<div class=\"elementor-element elementor-element-f8e3547 e-flex e-con-boxed elementor-invisible e-con e-child\" data-id=\"f8e3547\" data-element_type=\"container\" data-e-type=\"container\" data-settings=\"{&quot;background_background&quot;:&quot;classic&quot;,&quot;animation&quot;:&quot;fadeInDown&quot;}\">\n\t\t\t\t\t<div class=\"e-con-inner\">\n\t\t\t\t<div class=\"elementor-element elementor-element-779e39a elementor-widget elementor-widget-heading\" data-id=\"779e39a\" data-element_type=\"widget\" data-e-type=\"widget\" data-widget_type=\"heading.default\">\n\t\t\t\t<div class=\"elementor-widget-container\">\n\t\t\t\t\t<h4 class=\"elementor-heading-title elementor-size-default\">Gouvernance informatique <\/h4>\t\t\t\t<\/div>\n\t\t\t\t<\/div>\n\t\t\t\t<div class=\"elementor-element elementor-element-7247ebf elementor-widget elementor-widget-text-editor\" data-id=\"7247ebf\" data-element_type=\"widget\" data-e-type=\"widget\" data-widget_type=\"text-editor.default\">\n\t\t\t\t<div class=\"elementor-widget-container\">\n\t\t\t\t\t\t\t\t\t<p>Mise en place d\u2019une Gouvernance Op\u00e9rationnelle et Strat\u00e9gique afin d\u2019optimiser la Gestion informatique de nos clients.<\/p>\t\t\t\t\t\t\t\t<\/div>\n\t\t\t\t<\/div>\n\t\t\t\t<div class=\"elementor-element elementor-element-639fc05 elementor-widget elementor-widget-FU-button\" data-id=\"639fc05\" data-element_type=\"widget\" data-e-type=\"widget\" data-widget_type=\"FU-button.default\">\n\t\t\t\t<div class=\"elementor-widget-container\">\n\t\t\t\t\t<div id=\"fu-button\"><div id=\"fu-button-wrapper\" class=\"minimal-light\"><a href=\"https:\/\/www.megabyte.be\/consulting\/services\/gouvernance-informatique\/\" class=\"minimal-light\"><span>En savoir plus<\/span><div id=\"circle\"><div id=\"arrowBox\"><svg xmlns=\"http:\/\/www.w3.org\/2000\/svg\" width=\"20\" height=\"20\" viewBox=\"0 0 32 32\"><path fill=\"currentColor\" d=\"m18 6l-1.43 1.393L24.15 15H4v2h20.15l-7.58 7.573L18 26l10-10L18 6z\"\/><\/svg><\/div><\/div><\/a><\/div><\/div>\t\t\t\t<\/div>\n\t\t\t\t<\/div>\n\t\t\t\t\t<\/div>\n\t\t\t\t<\/div>\n\t\t\t\t\t<\/div>\n\t\t\t\t<\/div>\n\t\t\t\t\t<\/div>\n\t\t\t\t<\/div>\n\t\t\t\t<\/div>\n\t\t","protected":false},"excerpt":{"rendered":"<p>Services Toutes les expertises de Megabyte Consulting Audit &amp; analyse des processus m\u00e9tier \u00c9valuation et optimisation des processus m\u00e9tier existants pour am\u00e9liorer l&rsquo;efficacit\u00e9 et la productivit\u00e9. En savoir plus Gestion de projet et du changement Planification, ex\u00e9cution et suivi des projets informatiques, y compris la gestion des budgets et des \u00e9quipes de projet. En savoir [&hellip;]<\/p>\n","protected":false},"author":1,"featured_media":305,"parent":0,"menu_order":4,"comment_status":"closed","ping_status":"closed","template":"","meta":{"_acf_changed":false,"footnotes":""},"class_list":["post-22","page","type-page","status-publish","has-post-thumbnail","hentry"],"acf":[],"yoast_head":"<!-- This site is optimized with the Yoast SEO plugin v27.5 - https:\/\/yoast.com\/product\/yoast-seo-wordpress\/ -->\n<title>Nos services - Megabyte Consulting<\/title>\n<meta name=\"robots\" content=\"index, follow, max-snippet:-1, max-image-preview:large, max-video-preview:-1\" \/>\n<link rel=\"canonical\" href=\"https:\/\/www.megabyte.be\/consulting\/services\/\" \/>\n<meta property=\"og:locale\" content=\"fr_FR\" \/>\n<meta property=\"og:type\" content=\"article\" \/>\n<meta property=\"og:title\" content=\"Nos services - Megabyte Consulting\" \/>\n<meta property=\"og:description\" content=\"Services Toutes les expertises de Megabyte Consulting Audit &amp; analyse des processus m\u00e9tier \u00c9valuation et optimisation des processus m\u00e9tier existants pour am\u00e9liorer l&rsquo;efficacit\u00e9 et la productivit\u00e9. En savoir plus Gestion de projet et du changement Planification, ex\u00e9cution et suivi des projets informatiques, y compris la gestion des budgets et des \u00e9quipes de projet. En savoir [&hellip;]\" \/>\n<meta property=\"og:url\" content=\"https:\/\/www.megabyte.be\/consulting\/services\/\" \/>\n<meta property=\"og:site_name\" content=\"Megabyte Consulting\" \/>\n<meta property=\"article:modified_time\" content=\"2024-08-01T12:49:13+00:00\" \/>\n<meta property=\"og:image\" content=\"https:\/\/megabyte.follow-us.net\/wp-content\/uploads\/2023\/08\/Megabyte-services-1.jpg\" \/>\n\t<meta property=\"og:image:width\" content=\"1920\" \/>\n\t<meta property=\"og:image:height\" content=\"500\" \/>\n\t<meta property=\"og:image:type\" content=\"image\/jpeg\" \/>\n<meta name=\"twitter:card\" content=\"summary_large_image\" \/>\n<meta name=\"twitter:label1\" content=\"Dur\u00e9e de lecture estim\u00e9e\" \/>\n\t<meta name=\"twitter:data1\" content=\"1 minute\" \/>\n<script type=\"application\/ld+json\" class=\"yoast-schema-graph\">{\"@context\":\"https:\\\/\\\/schema.org\",\"@graph\":[{\"@type\":\"WebPage\",\"@id\":\"https:\\\/\\\/www.megabyte.be\\\/consulting\\\/services\\\/\",\"url\":\"https:\\\/\\\/www.megabyte.be\\\/consulting\\\/services\\\/\",\"name\":\"Nos services - Megabyte Consulting\",\"isPartOf\":{\"@id\":\"https:\\\/\\\/megabyte.follow-us.net\\\/#website\"},\"primaryImageOfPage\":{\"@id\":\"https:\\\/\\\/www.megabyte.be\\\/consulting\\\/services\\\/#primaryimage\"},\"image\":{\"@id\":\"https:\\\/\\\/www.megabyte.be\\\/consulting\\\/services\\\/#primaryimage\"},\"thumbnailUrl\":\"https:\\\/\\\/www.megabyte.be\\\/consulting\\\/wp-content\\\/uploads\\\/2023\\\/08\\\/Megabyte-services-1.jpg\",\"datePublished\":\"2023-08-01T13:27:32+00:00\",\"dateModified\":\"2024-08-01T12:49:13+00:00\",\"breadcrumb\":{\"@id\":\"https:\\\/\\\/www.megabyte.be\\\/consulting\\\/services\\\/#breadcrumb\"},\"inLanguage\":\"fr-FR\",\"potentialAction\":[{\"@type\":\"ReadAction\",\"target\":[\"https:\\\/\\\/www.megabyte.be\\\/consulting\\\/services\\\/\"]}]},{\"@type\":\"ImageObject\",\"inLanguage\":\"fr-FR\",\"@id\":\"https:\\\/\\\/www.megabyte.be\\\/consulting\\\/services\\\/#primaryimage\",\"url\":\"https:\\\/\\\/www.megabyte.be\\\/consulting\\\/wp-content\\\/uploads\\\/2023\\\/08\\\/Megabyte-services-1.jpg\",\"contentUrl\":\"https:\\\/\\\/www.megabyte.be\\\/consulting\\\/wp-content\\\/uploads\\\/2023\\\/08\\\/Megabyte-services-1.jpg\",\"width\":1920,\"height\":500},{\"@type\":\"BreadcrumbList\",\"@id\":\"https:\\\/\\\/www.megabyte.be\\\/consulting\\\/services\\\/#breadcrumb\",\"itemListElement\":[{\"@type\":\"ListItem\",\"position\":1,\"name\":\"Home\",\"item\":\"https:\\\/\\\/www.megabyte.be\\\/consulting\\\/\"},{\"@type\":\"ListItem\",\"position\":2,\"name\":\"Nos services\"}]},{\"@type\":\"WebSite\",\"@id\":\"https:\\\/\\\/megabyte.follow-us.net\\\/#website\",\"url\":\"https:\\\/\\\/megabyte.follow-us.net\\\/\",\"name\":\"Megabyte Consulting\",\"description\":\"\",\"publisher\":{\"@id\":\"https:\\\/\\\/megabyte.follow-us.net\\\/#organization\"},\"potentialAction\":[{\"@type\":\"SearchAction\",\"target\":{\"@type\":\"EntryPoint\",\"urlTemplate\":\"https:\\\/\\\/megabyte.follow-us.net\\\/?s={search_term_string}\"},\"query-input\":{\"@type\":\"PropertyValueSpecification\",\"valueRequired\":true,\"valueName\":\"search_term_string\"}}],\"inLanguage\":\"fr-FR\"},{\"@type\":\"Organization\",\"@id\":\"https:\\\/\\\/megabyte.follow-us.net\\\/#organization\",\"name\":\"Megabyte Consulting\",\"url\":\"https:\\\/\\\/megabyte.follow-us.net\\\/\",\"logo\":{\"@type\":\"ImageObject\",\"inLanguage\":\"fr-FR\",\"@id\":\"https:\\\/\\\/megabyte.follow-us.net\\\/#\\\/schema\\\/logo\\\/image\\\/\",\"url\":\"https:\\\/\\\/www.megabyte.be\\\/consulting\\\/wp-content\\\/uploads\\\/2023\\\/08\\\/Megabyte_Consulting_Logotype.svg\",\"contentUrl\":\"https:\\\/\\\/www.megabyte.be\\\/consulting\\\/wp-content\\\/uploads\\\/2023\\\/08\\\/Megabyte_Consulting_Logotype.svg\",\"width\":323,\"height\":56,\"caption\":\"Megabyte Consulting\"},\"image\":{\"@id\":\"https:\\\/\\\/megabyte.follow-us.net\\\/#\\\/schema\\\/logo\\\/image\\\/\"}}]}<\/script>\n<!-- \/ Yoast SEO plugin. -->","yoast_head_json":{"title":"Nos services - Megabyte Consulting","robots":{"index":"index","follow":"follow","max-snippet":"max-snippet:-1","max-image-preview":"max-image-preview:large","max-video-preview":"max-video-preview:-1"},"canonical":"https:\/\/www.megabyte.be\/consulting\/services\/","og_locale":"fr_FR","og_type":"article","og_title":"Nos services - Megabyte Consulting","og_description":"Services Toutes les expertises de Megabyte Consulting Audit &amp; analyse des processus m\u00e9tier \u00c9valuation et optimisation des processus m\u00e9tier existants pour am\u00e9liorer l&rsquo;efficacit\u00e9 et la productivit\u00e9. En savoir plus Gestion de projet et du changement Planification, ex\u00e9cution et suivi des projets informatiques, y compris la gestion des budgets et des \u00e9quipes de projet. En savoir [&hellip;]","og_url":"https:\/\/www.megabyte.be\/consulting\/services\/","og_site_name":"Megabyte Consulting","article_modified_time":"2024-08-01T12:49:13+00:00","og_image":[{"width":1920,"height":500,"url":"https:\/\/megabyte.follow-us.net\/wp-content\/uploads\/2023\/08\/Megabyte-services-1.jpg","type":"image\/jpeg"}],"twitter_card":"summary_large_image","twitter_misc":{"Dur\u00e9e de lecture estim\u00e9e":"1 minute"},"schema":{"@context":"https:\/\/schema.org","@graph":[{"@type":"WebPage","@id":"https:\/\/www.megabyte.be\/consulting\/services\/","url":"https:\/\/www.megabyte.be\/consulting\/services\/","name":"Nos services - Megabyte Consulting","isPartOf":{"@id":"https:\/\/megabyte.follow-us.net\/#website"},"primaryImageOfPage":{"@id":"https:\/\/www.megabyte.be\/consulting\/services\/#primaryimage"},"image":{"@id":"https:\/\/www.megabyte.be\/consulting\/services\/#primaryimage"},"thumbnailUrl":"https:\/\/www.megabyte.be\/consulting\/wp-content\/uploads\/2023\/08\/Megabyte-services-1.jpg","datePublished":"2023-08-01T13:27:32+00:00","dateModified":"2024-08-01T12:49:13+00:00","breadcrumb":{"@id":"https:\/\/www.megabyte.be\/consulting\/services\/#breadcrumb"},"inLanguage":"fr-FR","potentialAction":[{"@type":"ReadAction","target":["https:\/\/www.megabyte.be\/consulting\/services\/"]}]},{"@type":"ImageObject","inLanguage":"fr-FR","@id":"https:\/\/www.megabyte.be\/consulting\/services\/#primaryimage","url":"https:\/\/www.megabyte.be\/consulting\/wp-content\/uploads\/2023\/08\/Megabyte-services-1.jpg","contentUrl":"https:\/\/www.megabyte.be\/consulting\/wp-content\/uploads\/2023\/08\/Megabyte-services-1.jpg","width":1920,"height":500},{"@type":"BreadcrumbList","@id":"https:\/\/www.megabyte.be\/consulting\/services\/#breadcrumb","itemListElement":[{"@type":"ListItem","position":1,"name":"Home","item":"https:\/\/www.megabyte.be\/consulting\/"},{"@type":"ListItem","position":2,"name":"Nos services"}]},{"@type":"WebSite","@id":"https:\/\/megabyte.follow-us.net\/#website","url":"https:\/\/megabyte.follow-us.net\/","name":"Megabyte Consulting","description":"","publisher":{"@id":"https:\/\/megabyte.follow-us.net\/#organization"},"potentialAction":[{"@type":"SearchAction","target":{"@type":"EntryPoint","urlTemplate":"https:\/\/megabyte.follow-us.net\/?s={search_term_string}"},"query-input":{"@type":"PropertyValueSpecification","valueRequired":true,"valueName":"search_term_string"}}],"inLanguage":"fr-FR"},{"@type":"Organization","@id":"https:\/\/megabyte.follow-us.net\/#organization","name":"Megabyte Consulting","url":"https:\/\/megabyte.follow-us.net\/","logo":{"@type":"ImageObject","inLanguage":"fr-FR","@id":"https:\/\/megabyte.follow-us.net\/#\/schema\/logo\/image\/","url":"https:\/\/www.megabyte.be\/consulting\/wp-content\/uploads\/2023\/08\/Megabyte_Consulting_Logotype.svg","contentUrl":"https:\/\/www.megabyte.be\/consulting\/wp-content\/uploads\/2023\/08\/Megabyte_Consulting_Logotype.svg","width":323,"height":56,"caption":"Megabyte Consulting"},"image":{"@id":"https:\/\/megabyte.follow-us.net\/#\/schema\/logo\/image\/"}}]}},"_links":{"self":[{"href":"https:\/\/www.megabyte.be\/consulting\/wp-json\/wp\/v2\/pages\/22","targetHints":{"allow":["GET"]}}],"collection":[{"href":"https:\/\/www.megabyte.be\/consulting\/wp-json\/wp\/v2\/pages"}],"about":[{"href":"https:\/\/www.megabyte.be\/consulting\/wp-json\/wp\/v2\/types\/page"}],"author":[{"embeddable":true,"href":"https:\/\/www.megabyte.be\/consulting\/wp-json\/wp\/v2\/users\/1"}],"replies":[{"embeddable":true,"href":"https:\/\/www.megabyte.be\/consulting\/wp-json\/wp\/v2\/comments?post=22"}],"version-history":[{"count":10,"href":"https:\/\/www.megabyte.be\/consulting\/wp-json\/wp\/v2\/pages\/22\/revisions"}],"predecessor-version":[{"id":2253,"href":"https:\/\/www.megabyte.be\/consulting\/wp-json\/wp\/v2\/pages\/22\/revisions\/2253"}],"wp:featuredmedia":[{"embeddable":true,"href":"https:\/\/www.megabyte.be\/consulting\/wp-json\/wp\/v2\/media\/305"}],"wp:attachment":[{"href":"https:\/\/www.megabyte.be\/consulting\/wp-json\/wp\/v2\/media?parent=22"}],"curies":[{"name":"wp","href":"https:\/\/api.w.org\/{rel}","templated":true}]}}