{"id":18,"date":"2023-08-01T15:27:04","date_gmt":"2023-08-01T13:27:04","guid":{"rendered":"https:\/\/www.megabyte.be\/consulting\/?page_id=18"},"modified":"2023-11-29T15:17:31","modified_gmt":"2023-11-29T14:17:31","slug":"actualites","status":"publish","type":"page","link":"https:\/\/www.megabyte.be\/consulting\/actualites\/","title":{"rendered":"Actualit\u00e9s"},"content":{"rendered":"\t\t<div data-elementor-type=\"wp-page\" data-elementor-id=\"18\" class=\"elementor elementor-18\" data-elementor-post-type=\"page\">\n\t\t\t\t<div class=\"elementor-element elementor-element-2130d38 e-flex e-con-boxed e-con e-parent\" data-id=\"2130d38\" data-element_type=\"container\" data-e-type=\"container\" id=\"maincontent\">\n\t\t\t\t\t<div class=\"e-con-inner\">\n\t\t\t\t<div class=\"elementor-element elementor-element-cb0d768 elementor-grid-3 elementor-grid-tablet-2 elementor-grid-mobile-1 elementor-posts--thumbnail-top elementor-posts__hover-gradient elementor-widget elementor-widget-posts\" data-id=\"cb0d768\" data-element_type=\"widget\" data-e-type=\"widget\" data-settings=\"{&quot;pagination_type&quot;:&quot;load_more_infinite_scroll&quot;,&quot;cards_columns&quot;:&quot;3&quot;,&quot;cards_columns_tablet&quot;:&quot;2&quot;,&quot;cards_columns_mobile&quot;:&quot;1&quot;,&quot;cards_row_gap&quot;:{&quot;unit&quot;:&quot;px&quot;,&quot;size&quot;:35,&quot;sizes&quot;:[]},&quot;cards_row_gap_tablet&quot;:{&quot;unit&quot;:&quot;px&quot;,&quot;size&quot;:&quot;&quot;,&quot;sizes&quot;:[]},&quot;cards_row_gap_mobile&quot;:{&quot;unit&quot;:&quot;px&quot;,&quot;size&quot;:&quot;&quot;,&quot;sizes&quot;:[]},&quot;load_more_spinner&quot;:{&quot;value&quot;:&quot;fas fa-spinner&quot;,&quot;library&quot;:&quot;fa-solid&quot;}}\" data-widget_type=\"posts.cards\">\n\t\t\t\t<div class=\"elementor-widget-container\">\n\t\t\t\t\t\t\t<div class=\"elementor-posts-container elementor-posts elementor-posts--skin-cards elementor-grid\" role=\"list\">\n\t\t\t\t<article class=\"elementor-post elementor-grid-item post-807 post type-post status-publish format-standard has-post-thumbnail hentry category-industrie-nl\" role=\"listitem\">\n\t\t\t<div class=\"elementor-post__card\">\n\t\t\t\t<a class=\"elementor-post__thumbnail__link\" href=\"https:\/\/www.megabyte.be\/consulting\/la-prevention-dans-les-usines-est-capitale-ne-trouvez-vous-pas\/\" tabindex=\"-1\" ><div class=\"elementor-post__thumbnail\"><img fetchpriority=\"high\" decoding=\"async\" width=\"768\" height=\"512\" src=\"https:\/\/www.megabyte.be\/consulting\/wp-content\/uploads\/2023\/11\/usines-768x512.jpg\" class=\"attachment-medium_large size-medium_large wp-image-808\" alt=\"\" srcset=\"https:\/\/www.megabyte.be\/consulting\/wp-content\/uploads\/2023\/11\/usines-768x512.jpg 768w, https:\/\/www.megabyte.be\/consulting\/wp-content\/uploads\/2023\/11\/usines-300x200.jpg 300w, https:\/\/www.megabyte.be\/consulting\/wp-content\/uploads\/2023\/11\/usines-1024x683.jpg 1024w, https:\/\/www.megabyte.be\/consulting\/wp-content\/uploads\/2023\/11\/usines-1536x1024.jpg 1536w, https:\/\/www.megabyte.be\/consulting\/wp-content\/uploads\/2023\/11\/usines.jpg 1920w\" sizes=\"(max-width: 768px) 100vw, 768px\" \/><\/div><\/a>\n\t\t\t\t<div class=\"elementor-post__badge\">Industrie<\/div>\n\t\t\t\t<div class=\"elementor-post__text\">\n\t\t\t\t<h3 class=\"elementor-post__title\">\n\t\t\t<a href=\"https:\/\/www.megabyte.be\/consulting\/la-prevention-dans-les-usines-est-capitale-ne-trouvez-vous-pas\/\" >\n\t\t\t\tLa Pr\u00e9vention dans les usines est capitale, ne trouvez-vous pas ?\t\t\t<\/a>\n\t\t<\/h3>\n\t\t\t\t<div class=\"elementor-post__excerpt\">\n\t\t\t<p>Toute personne doit \u00eatre prot\u00e9g\u00e9e afin d\u2019effectuer son travail en toute s\u00e9curit\u00e9 sans danger. Megabyte peut-il aider ces usines ?<\/p>\t\t<\/div>\n\t\t\t\t\t<div class=\"elementor-post__read-more-wrapper\">\n\t\t\n\t\t<a class=\"elementor-post__read-more\" href=\"https:\/\/www.megabyte.be\/consulting\/la-prevention-dans-les-usines-est-capitale-ne-trouvez-vous-pas\/\" aria-label=\"En savoir plus sur La Pr\u00e9vention dans les usines est capitale, ne trouvez-vous pas ?\" tabindex=\"-1\" >\n\t\t\tLire la suite \u2192\t\t<\/a>\n\n\t\t\t\t\t<\/div>\n\t\t\t\t<\/div>\n\t\t\t\t<div class=\"elementor-post__meta-data\">\n\t\t\t\t\t<span class=\"elementor-post-date\">\n\t\t\t29 novembre 2023\t\t<\/span>\n\t\t\t\t<\/div>\n\t\t\t\t\t<\/div>\n\t\t<\/article>\n\t\t\t\t<article class=\"elementor-post elementor-grid-item post-789 post type-post status-publish format-standard has-post-thumbnail hentry category-ontwikkeling\" role=\"listitem\">\n\t\t\t<div class=\"elementor-post__card\">\n\t\t\t\t<a class=\"elementor-post__thumbnail__link\" href=\"https:\/\/www.megabyte.be\/consulting\/la-gestion-des-logements-sociaux-des-services-publics-a-pour-vocation-premiere-de-mettre-sur-le-marche-locatif-public-des-logements-decents-a-un-prix-adapte-aux-revenus-dune-population-n\/\" tabindex=\"-1\" ><div class=\"elementor-post__thumbnail\"><img decoding=\"async\" width=\"768\" height=\"432\" src=\"https:\/\/www.megabyte.be\/consulting\/wp-content\/uploads\/2023\/11\/logement-768x432.jpg\" class=\"attachment-medium_large size-medium_large wp-image-790\" alt=\"\" srcset=\"https:\/\/www.megabyte.be\/consulting\/wp-content\/uploads\/2023\/11\/logement-768x432.jpg 768w, https:\/\/www.megabyte.be\/consulting\/wp-content\/uploads\/2023\/11\/logement-300x169.jpg 300w, https:\/\/www.megabyte.be\/consulting\/wp-content\/uploads\/2023\/11\/logement-1024x576.jpg 1024w, https:\/\/www.megabyte.be\/consulting\/wp-content\/uploads\/2023\/11\/logement-1536x864.jpg 1536w, https:\/\/www.megabyte.be\/consulting\/wp-content\/uploads\/2023\/11\/logement.jpg 1920w\" sizes=\"(max-width: 768px) 100vw, 768px\" \/><\/div><\/a>\n\t\t\t\t<div class=\"elementor-post__badge\">Ontwikkeling<\/div>\n\t\t\t\t<div class=\"elementor-post__text\">\n\t\t\t\t<h3 class=\"elementor-post__title\">\n\t\t\t<a href=\"https:\/\/www.megabyte.be\/consulting\/la-gestion-des-logements-sociaux-des-services-publics-a-pour-vocation-premiere-de-mettre-sur-le-marche-locatif-public-des-logements-decents-a-un-prix-adapte-aux-revenus-dune-population-n\/\" >\n\t\t\t\tLa Gestion des logements sociaux des Services Publics a pour vocation premi\u00e8re de mettre sur le march\u00e9 locatif public des logements d\u00e9cents \u00e0 un prix adapt\u00e9 aux revenus d\u2019une population n\u2019ayant que peu d\u2019acc\u00e8s au march\u00e9 locatif priv\u00e9\t\t\t<\/a>\n\t\t<\/h3>\n\t\t\t\t<div class=\"elementor-post__excerpt\">\n\t\t\t<p>Cette Gestion au quotidien repr\u00e9sente une charge de travail importante par les r\u00e9novations, les travaux d\u2019am\u00e9nagements et les plaintes des locataires. Megabyte Consulting, gr\u00e2ce \u00e0 la Plateforme ComplyStation, permet de structurer et de coordonner toutes ces actions.<\/p>\t\t<\/div>\n\t\t\t\t\t<div class=\"elementor-post__read-more-wrapper\">\n\t\t\n\t\t<a class=\"elementor-post__read-more\" href=\"https:\/\/www.megabyte.be\/consulting\/la-gestion-des-logements-sociaux-des-services-publics-a-pour-vocation-premiere-de-mettre-sur-le-marche-locatif-public-des-logements-decents-a-un-prix-adapte-aux-revenus-dune-population-n\/\" aria-label=\"En savoir plus sur La Gestion des logements sociaux des Services Publics a pour vocation premi\u00e8re de mettre sur le march\u00e9 locatif public des logements d\u00e9cents \u00e0 un prix adapt\u00e9 aux revenus d\u2019une population n\u2019ayant que peu d\u2019acc\u00e8s au march\u00e9 locatif priv\u00e9\" tabindex=\"-1\" >\n\t\t\tLire la suite \u2192\t\t<\/a>\n\n\t\t\t\t\t<\/div>\n\t\t\t\t<\/div>\n\t\t\t\t<div class=\"elementor-post__meta-data\">\n\t\t\t\t\t<span class=\"elementor-post-date\">\n\t\t\t29 novembre 2023\t\t<\/span>\n\t\t\t\t<\/div>\n\t\t\t\t\t<\/div>\n\t\t<\/article>\n\t\t\t\t<article class=\"elementor-post elementor-grid-item post-745 post type-post status-publish format-standard has-post-thumbnail hentry category-ticketing-nl\" role=\"listitem\">\n\t\t\t<div class=\"elementor-post__card\">\n\t\t\t\t<a class=\"elementor-post__thumbnail__link\" href=\"https:\/\/www.megabyte.be\/consulting\/les-call-centers-ont-besoin-de-solutions-flexibles-evolutives-et-adaptees-a-chaque-secteur-comme-celui-de-la-sante\/\" tabindex=\"-1\" ><div class=\"elementor-post__thumbnail\"><img decoding=\"async\" width=\"768\" height=\"200\" src=\"https:\/\/www.megabyte.be\/consulting\/wp-content\/uploads\/2023\/11\/Megabyte-tickets-768x200.jpg\" class=\"attachment-medium_large size-medium_large wp-image-614\" alt=\"\" srcset=\"https:\/\/www.megabyte.be\/consulting\/wp-content\/uploads\/2023\/11\/Megabyte-tickets-768x200.jpg 768w, https:\/\/www.megabyte.be\/consulting\/wp-content\/uploads\/2023\/11\/Megabyte-tickets-300x78.jpg 300w, https:\/\/www.megabyte.be\/consulting\/wp-content\/uploads\/2023\/11\/Megabyte-tickets-1024x267.jpg 1024w, https:\/\/www.megabyte.be\/consulting\/wp-content\/uploads\/2023\/11\/Megabyte-tickets-1536x400.jpg 1536w, https:\/\/www.megabyte.be\/consulting\/wp-content\/uploads\/2023\/11\/Megabyte-tickets.jpg 1920w\" sizes=\"(max-width: 768px) 100vw, 768px\" \/><\/div><\/a>\n\t\t\t\t<div class=\"elementor-post__badge\">Ticketing<\/div>\n\t\t\t\t<div class=\"elementor-post__text\">\n\t\t\t\t<h3 class=\"elementor-post__title\">\n\t\t\t<a href=\"https:\/\/www.megabyte.be\/consulting\/les-call-centers-ont-besoin-de-solutions-flexibles-evolutives-et-adaptees-a-chaque-secteur-comme-celui-de-la-sante\/\" >\n\t\t\t\tLes Call Centers ont besoin de solutions flexibles, \u00e9volutives et adapt\u00e9es \u00e0 chaque secteur comme celui de la sant\u00e9\t\t\t<\/a>\n\t\t<\/h3>\n\t\t\t\t<div class=\"elementor-post__excerpt\">\n\t\t\t<p>Les Call Centers d\u00e9sirent se s\u00e9parer de la gestion de l\u2019infrastructure informatique afin de se concentrer sur les services \u00e0 leur client\u00e8le en r\u00e9pondant \u00e0 leurs questions et en r\u00e9solvant leurs probl\u00e8mes parfois complexes ou sensibles.<\/p>\t\t<\/div>\n\t\t\t\t\t<div class=\"elementor-post__read-more-wrapper\">\n\t\t\n\t\t<a class=\"elementor-post__read-more\" href=\"https:\/\/www.megabyte.be\/consulting\/les-call-centers-ont-besoin-de-solutions-flexibles-evolutives-et-adaptees-a-chaque-secteur-comme-celui-de-la-sante\/\" aria-label=\"En savoir plus sur Les Call Centers ont besoin de solutions flexibles, \u00e9volutives et adapt\u00e9es \u00e0 chaque secteur comme celui de la sant\u00e9\" tabindex=\"-1\" >\n\t\t\tLire la suite \u2192\t\t<\/a>\n\n\t\t\t\t\t<\/div>\n\t\t\t\t<\/div>\n\t\t\t\t<div class=\"elementor-post__meta-data\">\n\t\t\t\t\t<span class=\"elementor-post-date\">\n\t\t\t29 novembre 2023\t\t<\/span>\n\t\t\t\t<\/div>\n\t\t\t\t\t<\/div>\n\t\t<\/article>\n\t\t\t\t<article class=\"elementor-post elementor-grid-item post-351 post type-post status-publish format-standard has-post-thumbnail hentry category-risques\" role=\"listitem\">\n\t\t\t<div class=\"elementor-post__card\">\n\t\t\t\t<a class=\"elementor-post__thumbnail__link\" href=\"https:\/\/www.megabyte.be\/consulting\/organiser-vos-evaluations-de-risques-a-travers-vos-membres\/\" tabindex=\"-1\" ><div class=\"elementor-post__thumbnail\"><img loading=\"lazy\" decoding=\"async\" width=\"768\" height=\"461\" src=\"https:\/\/www.megabyte.be\/consulting\/wp-content\/uploads\/2023\/08\/evaluation-de-risque-Megabyte-768x461.jpg\" class=\"attachment-medium_large size-medium_large wp-image-352\" alt=\"\" srcset=\"https:\/\/www.megabyte.be\/consulting\/wp-content\/uploads\/2023\/08\/evaluation-de-risque-Megabyte-768x461.jpg 768w, https:\/\/www.megabyte.be\/consulting\/wp-content\/uploads\/2023\/08\/evaluation-de-risque-Megabyte-300x180.jpg 300w, https:\/\/www.megabyte.be\/consulting\/wp-content\/uploads\/2023\/08\/evaluation-de-risque-Megabyte-1024x615.jpg 1024w, https:\/\/www.megabyte.be\/consulting\/wp-content\/uploads\/2023\/08\/evaluation-de-risque-Megabyte.jpg 1200w\" sizes=\"(max-width: 768px) 100vw, 768px\" \/><\/div><\/a>\n\t\t\t\t<div class=\"elementor-post__badge\">Risques<\/div>\n\t\t\t\t<div class=\"elementor-post__text\">\n\t\t\t\t<h3 class=\"elementor-post__title\">\n\t\t\t<a href=\"https:\/\/www.megabyte.be\/consulting\/organiser-vos-evaluations-de-risques-a-travers-vos-membres\/\" >\n\t\t\t\tOrganiser vos \u00e9valuations de risques \u00e0 travers vos membres\t\t\t<\/a>\n\t\t<\/h3>\n\t\t\t\t<div class=\"elementor-post__excerpt\">\n\t\t\t<p>Les f\u00e9d\u00e9rations ont souvent besoin d\u2019\u00e9valuer de mani\u00e8re objective les risques m\u00e9tiers de leur secteur. Megabyte Consulting, gr\u00e2ce \u00e0 la Plateforme ComplyStation, le permet.<\/p>\t\t<\/div>\n\t\t\t\t\t<div class=\"elementor-post__read-more-wrapper\">\n\t\t\n\t\t<a class=\"elementor-post__read-more\" href=\"https:\/\/www.megabyte.be\/consulting\/organiser-vos-evaluations-de-risques-a-travers-vos-membres\/\" aria-label=\"En savoir plus sur Organiser vos \u00e9valuations de risques \u00e0 travers vos membres\" tabindex=\"-1\" >\n\t\t\tLire la suite \u2192\t\t<\/a>\n\n\t\t\t\t\t<\/div>\n\t\t\t\t<\/div>\n\t\t\t\t<div class=\"elementor-post__meta-data\">\n\t\t\t\t\t<span class=\"elementor-post-date\">\n\t\t\t30 ao\u00fbt 2023\t\t<\/span>\n\t\t\t\t<\/div>\n\t\t\t\t\t<\/div>\n\t\t<\/article>\n\t\t\t\t<\/div>\n\t\t\t\t\t<span class=\"e-load-more-spinner\">\n\t\t\t\t<svg aria-hidden=\"true\" class=\"e-font-icon-svg e-fas-spinner\" viewBox=\"0 0 512 512\" xmlns=\"http:\/\/www.w3.org\/2000\/svg\"><path d=\"M304 48c0 26.51-21.49 48-48 48s-48-21.49-48-48 21.49-48 48-48 48 21.49 48 48zm-48 368c-26.51 0-48 21.49-48 48s21.49 48 48 48 48-21.49 48-48-21.49-48-48-48zm208-208c-26.51 0-48 21.49-48 48s21.49 48 48 48 48-21.49 48-48-21.49-48-48-48zM96 256c0-26.51-21.49-48-48-48S0 229.49 0 256s21.49 48 48 48 48-21.49 48-48zm12.922 99.078c-26.51 0-48 21.49-48 48s21.49 48 48 48 48-21.49 48-48c0-26.509-21.491-48-48-48zm294.156 0c-26.51 0-48 21.49-48 48s21.49 48 48 48 48-21.49 48-48c0-26.509-21.49-48-48-48zM108.922 60.922c-26.51 0-48 21.49-48 48s21.49 48 48 48 48-21.49 48-48-21.491-48-48-48z\"><\/path><\/svg>\t\t\t<\/span>\n\t\t\n\t\t\t\t\t\t<\/div>\n\t\t\t\t<\/div>\n\t\t\t\t\t<\/div>\n\t\t\t\t<\/div>\n\t\t\t\t<\/div>\n\t\t","protected":false},"excerpt":{"rendered":"","protected":false},"author":1,"featured_media":350,"parent":0,"menu_order":6,"comment_status":"closed","ping_status":"closed","template":"","meta":{"_acf_changed":false,"footnotes":""},"class_list":["post-18","page","type-page","status-publish","has-post-thumbnail","hentry"],"acf":[],"yoast_head":"<!-- This site is optimized with the Yoast SEO plugin v27.3 - https:\/\/yoast.com\/product\/yoast-seo-wordpress\/ -->\n<title>Actualit\u00e9s - Megabyte Consulting<\/title>\n<meta name=\"robots\" content=\"index, follow, max-snippet:-1, max-image-preview:large, max-video-preview:-1\" \/>\n<link rel=\"canonical\" href=\"https:\/\/www.megabyte.be\/consulting\/actualites\/\" \/>\n<meta property=\"og:locale\" content=\"fr_FR\" \/>\n<meta property=\"og:type\" content=\"article\" \/>\n<meta property=\"og:title\" content=\"Actualit\u00e9s - Megabyte Consulting\" \/>\n<meta property=\"og:url\" content=\"https:\/\/www.megabyte.be\/consulting\/actualites\/\" \/>\n<meta property=\"og:site_name\" content=\"Megabyte Consulting\" \/>\n<meta property=\"article:modified_time\" content=\"2023-11-29T14:17:31+00:00\" \/>\n<meta property=\"og:image\" content=\"https:\/\/megabyte.follow-us.net\/wp-content\/uploads\/2023\/08\/Megabyte-actualites.jpg\" \/>\n\t<meta property=\"og:image:width\" content=\"1920\" \/>\n\t<meta property=\"og:image:height\" content=\"1154\" \/>\n\t<meta property=\"og:image:type\" content=\"image\/jpeg\" \/>\n<meta name=\"twitter:card\" content=\"summary_large_image\" \/>\n<meta name=\"twitter:label1\" content=\"Dur\u00e9e de lecture estim\u00e9e\" \/>\n\t<meta name=\"twitter:data1\" content=\"1 minute\" \/>\n<script type=\"application\/ld+json\" class=\"yoast-schema-graph\">{\"@context\":\"https:\\\/\\\/schema.org\",\"@graph\":[{\"@type\":\"WebPage\",\"@id\":\"https:\\\/\\\/www.megabyte.be\\\/consulting\\\/actualites\\\/\",\"url\":\"https:\\\/\\\/www.megabyte.be\\\/consulting\\\/actualites\\\/\",\"name\":\"Actualit\u00e9s - Megabyte Consulting\",\"isPartOf\":{\"@id\":\"https:\\\/\\\/megabyte.follow-us.net\\\/#website\"},\"primaryImageOfPage\":{\"@id\":\"https:\\\/\\\/www.megabyte.be\\\/consulting\\\/actualites\\\/#primaryimage\"},\"image\":{\"@id\":\"https:\\\/\\\/www.megabyte.be\\\/consulting\\\/actualites\\\/#primaryimage\"},\"thumbnailUrl\":\"https:\\\/\\\/www.megabyte.be\\\/consulting\\\/wp-content\\\/uploads\\\/2023\\\/08\\\/Megabyte-actualites.jpg\",\"datePublished\":\"2023-08-01T13:27:04+00:00\",\"dateModified\":\"2023-11-29T14:17:31+00:00\",\"breadcrumb\":{\"@id\":\"https:\\\/\\\/www.megabyte.be\\\/consulting\\\/actualites\\\/#breadcrumb\"},\"inLanguage\":\"fr-FR\",\"potentialAction\":[{\"@type\":\"ReadAction\",\"target\":[\"https:\\\/\\\/www.megabyte.be\\\/consulting\\\/actualites\\\/\"]}]},{\"@type\":\"ImageObject\",\"inLanguage\":\"fr-FR\",\"@id\":\"https:\\\/\\\/www.megabyte.be\\\/consulting\\\/actualites\\\/#primaryimage\",\"url\":\"https:\\\/\\\/www.megabyte.be\\\/consulting\\\/wp-content\\\/uploads\\\/2023\\\/08\\\/Megabyte-actualites.jpg\",\"contentUrl\":\"https:\\\/\\\/www.megabyte.be\\\/consulting\\\/wp-content\\\/uploads\\\/2023\\\/08\\\/Megabyte-actualites.jpg\",\"width\":1920,\"height\":1154},{\"@type\":\"BreadcrumbList\",\"@id\":\"https:\\\/\\\/www.megabyte.be\\\/consulting\\\/actualites\\\/#breadcrumb\",\"itemListElement\":[{\"@type\":\"ListItem\",\"position\":1,\"name\":\"Home\",\"item\":\"https:\\\/\\\/www.megabyte.be\\\/consulting\\\/\"},{\"@type\":\"ListItem\",\"position\":2,\"name\":\"Actualit\u00e9s\"}]},{\"@type\":\"WebSite\",\"@id\":\"https:\\\/\\\/megabyte.follow-us.net\\\/#website\",\"url\":\"https:\\\/\\\/megabyte.follow-us.net\\\/\",\"name\":\"Megabyte Consulting\",\"description\":\"\",\"publisher\":{\"@id\":\"https:\\\/\\\/megabyte.follow-us.net\\\/#organization\"},\"potentialAction\":[{\"@type\":\"SearchAction\",\"target\":{\"@type\":\"EntryPoint\",\"urlTemplate\":\"https:\\\/\\\/megabyte.follow-us.net\\\/?s={search_term_string}\"},\"query-input\":{\"@type\":\"PropertyValueSpecification\",\"valueRequired\":true,\"valueName\":\"search_term_string\"}}],\"inLanguage\":\"fr-FR\"},{\"@type\":\"Organization\",\"@id\":\"https:\\\/\\\/megabyte.follow-us.net\\\/#organization\",\"name\":\"Megabyte Consulting\",\"url\":\"https:\\\/\\\/megabyte.follow-us.net\\\/\",\"logo\":{\"@type\":\"ImageObject\",\"inLanguage\":\"fr-FR\",\"@id\":\"https:\\\/\\\/megabyte.follow-us.net\\\/#\\\/schema\\\/logo\\\/image\\\/\",\"url\":\"https:\\\/\\\/www.megabyte.be\\\/consulting\\\/wp-content\\\/uploads\\\/2023\\\/08\\\/Megabyte_Consulting_Logotype.svg\",\"contentUrl\":\"https:\\\/\\\/www.megabyte.be\\\/consulting\\\/wp-content\\\/uploads\\\/2023\\\/08\\\/Megabyte_Consulting_Logotype.svg\",\"width\":323,\"height\":56,\"caption\":\"Megabyte Consulting\"},\"image\":{\"@id\":\"https:\\\/\\\/megabyte.follow-us.net\\\/#\\\/schema\\\/logo\\\/image\\\/\"}}]}<\/script>\n<!-- \/ Yoast SEO plugin. -->","yoast_head_json":{"title":"Actualit\u00e9s - Megabyte Consulting","robots":{"index":"index","follow":"follow","max-snippet":"max-snippet:-1","max-image-preview":"max-image-preview:large","max-video-preview":"max-video-preview:-1"},"canonical":"https:\/\/www.megabyte.be\/consulting\/actualites\/","og_locale":"fr_FR","og_type":"article","og_title":"Actualit\u00e9s - Megabyte Consulting","og_url":"https:\/\/www.megabyte.be\/consulting\/actualites\/","og_site_name":"Megabyte Consulting","article_modified_time":"2023-11-29T14:17:31+00:00","og_image":[{"width":1920,"height":1154,"url":"https:\/\/megabyte.follow-us.net\/wp-content\/uploads\/2023\/08\/Megabyte-actualites.jpg","type":"image\/jpeg"}],"twitter_card":"summary_large_image","twitter_misc":{"Dur\u00e9e de lecture estim\u00e9e":"1 minute"},"schema":{"@context":"https:\/\/schema.org","@graph":[{"@type":"WebPage","@id":"https:\/\/www.megabyte.be\/consulting\/actualites\/","url":"https:\/\/www.megabyte.be\/consulting\/actualites\/","name":"Actualit\u00e9s - Megabyte Consulting","isPartOf":{"@id":"https:\/\/megabyte.follow-us.net\/#website"},"primaryImageOfPage":{"@id":"https:\/\/www.megabyte.be\/consulting\/actualites\/#primaryimage"},"image":{"@id":"https:\/\/www.megabyte.be\/consulting\/actualites\/#primaryimage"},"thumbnailUrl":"https:\/\/www.megabyte.be\/consulting\/wp-content\/uploads\/2023\/08\/Megabyte-actualites.jpg","datePublished":"2023-08-01T13:27:04+00:00","dateModified":"2023-11-29T14:17:31+00:00","breadcrumb":{"@id":"https:\/\/www.megabyte.be\/consulting\/actualites\/#breadcrumb"},"inLanguage":"fr-FR","potentialAction":[{"@type":"ReadAction","target":["https:\/\/www.megabyte.be\/consulting\/actualites\/"]}]},{"@type":"ImageObject","inLanguage":"fr-FR","@id":"https:\/\/www.megabyte.be\/consulting\/actualites\/#primaryimage","url":"https:\/\/www.megabyte.be\/consulting\/wp-content\/uploads\/2023\/08\/Megabyte-actualites.jpg","contentUrl":"https:\/\/www.megabyte.be\/consulting\/wp-content\/uploads\/2023\/08\/Megabyte-actualites.jpg","width":1920,"height":1154},{"@type":"BreadcrumbList","@id":"https:\/\/www.megabyte.be\/consulting\/actualites\/#breadcrumb","itemListElement":[{"@type":"ListItem","position":1,"name":"Home","item":"https:\/\/www.megabyte.be\/consulting\/"},{"@type":"ListItem","position":2,"name":"Actualit\u00e9s"}]},{"@type":"WebSite","@id":"https:\/\/megabyte.follow-us.net\/#website","url":"https:\/\/megabyte.follow-us.net\/","name":"Megabyte Consulting","description":"","publisher":{"@id":"https:\/\/megabyte.follow-us.net\/#organization"},"potentialAction":[{"@type":"SearchAction","target":{"@type":"EntryPoint","urlTemplate":"https:\/\/megabyte.follow-us.net\/?s={search_term_string}"},"query-input":{"@type":"PropertyValueSpecification","valueRequired":true,"valueName":"search_term_string"}}],"inLanguage":"fr-FR"},{"@type":"Organization","@id":"https:\/\/megabyte.follow-us.net\/#organization","name":"Megabyte Consulting","url":"https:\/\/megabyte.follow-us.net\/","logo":{"@type":"ImageObject","inLanguage":"fr-FR","@id":"https:\/\/megabyte.follow-us.net\/#\/schema\/logo\/image\/","url":"https:\/\/www.megabyte.be\/consulting\/wp-content\/uploads\/2023\/08\/Megabyte_Consulting_Logotype.svg","contentUrl":"https:\/\/www.megabyte.be\/consulting\/wp-content\/uploads\/2023\/08\/Megabyte_Consulting_Logotype.svg","width":323,"height":56,"caption":"Megabyte Consulting"},"image":{"@id":"https:\/\/megabyte.follow-us.net\/#\/schema\/logo\/image\/"}}]}},"_links":{"self":[{"href":"https:\/\/www.megabyte.be\/consulting\/wp-json\/wp\/v2\/pages\/18","targetHints":{"allow":["GET"]}}],"collection":[{"href":"https:\/\/www.megabyte.be\/consulting\/wp-json\/wp\/v2\/pages"}],"about":[{"href":"https:\/\/www.megabyte.be\/consulting\/wp-json\/wp\/v2\/types\/page"}],"author":[{"embeddable":true,"href":"https:\/\/www.megabyte.be\/consulting\/wp-json\/wp\/v2\/users\/1"}],"replies":[{"embeddable":true,"href":"https:\/\/www.megabyte.be\/consulting\/wp-json\/wp\/v2\/comments?post=18"}],"version-history":[{"count":10,"href":"https:\/\/www.megabyte.be\/consulting\/wp-json\/wp\/v2\/pages\/18\/revisions"}],"predecessor-version":[{"id":759,"href":"https:\/\/www.megabyte.be\/consulting\/wp-json\/wp\/v2\/pages\/18\/revisions\/759"}],"wp:featuredmedia":[{"embeddable":true,"href":"https:\/\/www.megabyte.be\/consulting\/wp-json\/wp\/v2\/media\/350"}],"wp:attachment":[{"href":"https:\/\/www.megabyte.be\/consulting\/wp-json\/wp\/v2\/media?parent=18"}],"curies":[{"name":"wp","href":"https:\/\/api.w.org\/{rel}","templated":true}]}}