{"id":16,"date":"2023-08-01T15:26:53","date_gmt":"2023-08-01T13:26:53","guid":{"rendered":"https:\/\/www.megabyte.be\/consulting\/?page_id=16"},"modified":"2024-08-01T14:56:31","modified_gmt":"2024-08-01T12:56:31","slug":"qui-sommes-nous","status":"publish","type":"page","link":"https:\/\/www.megabyte.be\/consulting\/qui-sommes-nous\/","title":{"rendered":"Qui sommes-nous ?"},"content":{"rendered":"\t\t<div data-elementor-type=\"wp-page\" data-elementor-id=\"16\" class=\"elementor elementor-16\" data-elementor-post-type=\"page\">\n\t\t\t\t<div class=\"elementor-element elementor-element-576c93f e-flex e-con-boxed e-con e-parent\" data-id=\"576c93f\" data-element_type=\"container\" data-e-type=\"container\" id=\"maincontent\" data-settings=\"{&quot;background_background&quot;:&quot;classic&quot;}\">\n\t\t\t\t\t<div class=\"e-con-inner\">\n\t\t\t\t<div class=\"elementor-element elementor-element-5bcece1 animated-slow elementor-invisible elementor-widget elementor-widget-heading\" data-id=\"5bcece1\" data-element_type=\"widget\" data-e-type=\"widget\" data-settings=\"{&quot;_animation&quot;:&quot;fadeIn&quot;,&quot;_animation_delay&quot;:100}\" data-widget_type=\"heading.default\">\n\t\t\t\t<div class=\"elementor-widget-container\">\n\t\t\t\t\t<h2 class=\"elementor-heading-title elementor-size-default\">HISTOIRE<\/h2>\t\t\t\t<\/div>\n\t\t\t\t<\/div>\n\t\t\t\t<div class=\"elementor-element elementor-element-5bc78ca elementor-widget__width-initial elementor-invisible elementor-widget elementor-widget-heading\" data-id=\"5bc78ca\" data-element_type=\"widget\" data-e-type=\"widget\" data-settings=\"{&quot;_animation&quot;:&quot;fadeIn&quot;,&quot;_animation_delay&quot;:500}\" data-widget_type=\"heading.default\">\n\t\t\t\t<div class=\"elementor-widget-container\">\n\t\t\t\t\t<h3 class=\"elementor-heading-title elementor-size-default\">D\u00e9couvrez les origines de Megabyte<\/h3>\t\t\t\t<\/div>\n\t\t\t\t<\/div>\n\t\t<div class=\"elementor-element elementor-element-cb168dd e-flex e-con-boxed e-con e-child\" data-id=\"cb168dd\" data-element_type=\"container\" data-e-type=\"container\">\n\t\t\t\t\t<div class=\"e-con-inner\">\n\t\t\t\t<div class=\"elementor-element elementor-element-09ba6f3 elementor-invisible elementor-widget elementor-widget-text-editor\" data-id=\"09ba6f3\" data-element_type=\"widget\" data-e-type=\"widget\" data-settings=\"{&quot;_animation&quot;:&quot;fadeIn&quot;}\" data-widget_type=\"text-editor.default\">\n\t\t\t\t<div class=\"elementor-widget-container\">\n\t\t\t\t\t\t\t\t\t<p>Fond\u00e9 en 1999, le groupe <a href=\"https:\/\/lisam.com\">Lisam<\/a> est un fournisseur mondial de solutions de logiciels et de services de gestion de la conformit\u00e9 en mati\u00e8re d&rsquo;environnement, de sant\u00e9 et de s\u00e9curit\u00e9 (EH&amp;S), op\u00e9rant depuis des bureaux dans le monde entier.<\/p><p>Depuis sa cr\u00e9ation, le groupe Lisam s&rsquo;efforce activement d&rsquo;apporter des solutions innovantes, abordables et opportunes pour r\u00e9soudre les d\u00e9fis de ses clients en proposant de nombreuses solutions applicatives au sein de sa plateforme ComplyStation.<\/p><p>Au sein du groupe <a href=\"https:\/\/lisam.com\">Lisam<\/a>, et pr\u00e9sente sur le march\u00e9 depuis plus de 35 ans, Megabyte Consulting S.A. est une soci\u00e9t\u00e9 de services et d&rsquo;ing\u00e9nierie informatique sp\u00e9cialis\u00e9e dans les solutions globales en mati\u00e8re d&rsquo;applications d&rsquo;entreprise, de gestion informatique, de t\u00e9l\u00e9communications et d&rsquo;infrastructure informatique.<\/p><p>Les services offerts vont du conseil, de la conception, du d\u00e9veloppement et de la mise en \u0153uvre d&rsquo;applications d&rsquo;entreprise \u00e0 la formation, la maintenance, le support et les interventions techniques.<\/p><p>Le groupe Megabyte est le partenaire informatique de ses clients et sa vocation principale est de conseiller, mettre en \u0153uvre des solutions informatiques et accompagner les entreprises clientes dans la r\u00e9alisation de leurs projets.<\/p><p>Le Groupe Megabyte propose aux entreprises, associations et institutions, des solutions logicielles et mat\u00e9rielles, en toute ind\u00e9pendance des constructeurs informatiques ou autres SSII. Avec une soixantaine de personnes et un chiffre d&rsquo;affaires de 8,2 millions d&rsquo;euros (2022), Megabyte est pr\u00e9sente dans toute la Belgique et collabore avec ses clients dans leurs projets belges et europ\u00e9ens.<\/p><p>Avec Megabyte, le groupe <a href=\"https:\/\/lisam.com\">Lisam<\/a> repr\u00e9sente un chiffre d&rsquo;affaires de 62 millions d&rsquo;euros et une \u00e9quipe d&rsquo;environ 620 personnes.<\/p>\t\t\t\t\t\t\t\t<\/div>\n\t\t\t\t<\/div>\n\t\t\t\t\t<\/div>\n\t\t\t\t<\/div>\n\t\t\t\t\t<\/div>\n\t\t\t\t<\/div>\n\t\t<div class=\"elementor-element elementor-element-424f08e e-flex e-con-boxed e-con e-parent\" data-id=\"424f08e\" data-element_type=\"container\" data-e-type=\"container\">\n\t\t\t\t\t<div class=\"e-con-inner\">\n\t\t\t\t<div class=\"elementor-element elementor-element-746ece2 elementor-widget-mobile__width-initial elementor-widget elementor-widget-heading\" data-id=\"746ece2\" data-element_type=\"widget\" data-e-type=\"widget\" data-widget_type=\"heading.default\">\n\t\t\t\t<div class=\"elementor-widget-container\">\n\t\t\t\t\t<h2 class=\"elementor-heading-title elementor-size-default\">R\u00e9ferences<\/h2>\t\t\t\t<\/div>\n\t\t\t\t<\/div>\n\t\t\t\t<div class=\"elementor-element elementor-element-c4f51cd elementor-widget__width-initial elementor-invisible elementor-widget elementor-widget-heading\" data-id=\"c4f51cd\" data-element_type=\"widget\" data-e-type=\"widget\" data-settings=\"{&quot;_animation&quot;:&quot;fadeIn&quot;,&quot;_animation_delay&quot;:500}\" data-widget_type=\"heading.default\">\n\t\t\t\t<div class=\"elementor-widget-container\">\n\t\t\t\t\t<h3 class=\"elementor-heading-title elementor-size-default\">Ils nous font confiance<\/h3>\t\t\t\t<\/div>\n\t\t\t\t<\/div>\n\t\t\t\t<div class=\"elementor-element elementor-element-b6916eb elementor-arrows-position-outside elementor-widget elementor-widget-image-carousel\" data-id=\"b6916eb\" data-element_type=\"widget\" data-e-type=\"widget\" data-settings=\"{&quot;slides_to_show&quot;:&quot;5&quot;,&quot;slides_to_scroll&quot;:&quot;1&quot;,&quot;navigation&quot;:&quot;arrows&quot;,&quot;lazyload&quot;:&quot;yes&quot;,&quot;autoplay_speed&quot;:1000,&quot;slides_to_show_tablet&quot;:&quot;5&quot;,&quot;autoplay&quot;:&quot;yes&quot;,&quot;pause_on_hover&quot;:&quot;yes&quot;,&quot;pause_on_interaction&quot;:&quot;yes&quot;,&quot;infinite&quot;:&quot;yes&quot;,&quot;speed&quot;:500}\" data-widget_type=\"image-carousel.default\">\n\t\t\t\t<div class=\"elementor-widget-container\">\n\t\t\t\t\t\t\t<div class=\"elementor-image-carousel-wrapper swiper\" role=\"region\" aria-roledescription=\"carousel\" aria-label=\"Carrousel d\u2019images\" dir=\"ltr\">\n\t\t\t<div class=\"elementor-image-carousel swiper-wrapper\" aria-live=\"off\">\n\t\t\t\t\t\t\t\t<div class=\"swiper-slide\" role=\"group\" aria-roledescription=\"slide\" aria-label=\"1 sur 16\"><figure class=\"swiper-slide-inner\"><img class=\"swiper-slide-image swiper-lazy\" data-src=\"https:\/\/www.megabyte.be\/consulting\/wp-content\/uploads\/elementor\/thumbs\/Carrousel-references-Megabyte-Fuelseurope-qbmcm6p5tv8c289utric5e39gezcbhi3t08vw78a4k.png\" alt=\"Carrousel-r\u00e9f\u00e9rences-Megabyte-Fuelseurope\" \/><div class=\"swiper-lazy-preloader\"><\/div><\/figure><\/div><div class=\"swiper-slide\" role=\"group\" aria-roledescription=\"slide\" aria-label=\"2 sur 16\"><figure class=\"swiper-slide-inner\"><img class=\"swiper-slide-image swiper-lazy\" data-src=\"https:\/\/www.megabyte.be\/consulting\/wp-content\/uploads\/elementor\/thumbs\/Carrousel-references-Megabyte-ideta-qbmcm6p5tv8c289utric5e39gezcbhi3t08vw78a4k.png\" alt=\"Carrousel-r\u00e9f\u00e9rences-Megabyte-ideta\" \/><div class=\"swiper-lazy-preloader\"><\/div><\/figure><\/div><div class=\"swiper-slide\" role=\"group\" aria-roledescription=\"slide\" aria-label=\"3 sur 16\"><figure class=\"swiper-slide-inner\"><img class=\"swiper-slide-image swiper-lazy\" data-src=\"https:\/\/www.megabyte.be\/consulting\/wp-content\/uploads\/elementor\/thumbs\/Carrousel-references-Megabyte-ixina-qbmcm6p5tv8c289utric5e39gezcbhi3t08vw78a4k.png\" alt=\"Carrousel-r\u00e9f\u00e9rences-Megabyte-ixina\" \/><div class=\"swiper-lazy-preloader\"><\/div><\/figure><\/div><div class=\"swiper-slide\" role=\"group\" aria-roledescription=\"slide\" aria-label=\"4 sur 16\"><figure class=\"swiper-slide-inner\"><img class=\"swiper-slide-image swiper-lazy\" data-src=\"https:\/\/www.megabyte.be\/consulting\/wp-content\/uploads\/elementor\/thumbs\/Carrousel-references-Megabyte-knauf-qbmcm7n00p9mdu8ho9wypvuq1supj6lu54wddh6vyc.png\" alt=\"Carrousel-r\u00e9f\u00e9rences-Megabyte-knauf\" \/><div class=\"swiper-lazy-preloader\"><\/div><\/figure><\/div><div class=\"swiper-slide\" role=\"group\" aria-roledescription=\"slide\" aria-label=\"5 sur 16\"><figure class=\"swiper-slide-inner\"><img class=\"swiper-slide-image swiper-lazy\" data-src=\"https:\/\/www.megabyte.be\/consulting\/wp-content\/uploads\/elementor\/thumbs\/Carrousel-references-Megabyte-Medtech-Europe-qbmcm7n00p9mdu8ho9wypvuq1supj6lu54wddh6vyc.png\" alt=\"Carrousel-r\u00e9f\u00e9rences-Megabyte-Medtech-Europe\" \/><div class=\"swiper-lazy-preloader\"><\/div><\/figure><\/div><div class=\"swiper-slide\" role=\"group\" aria-roledescription=\"slide\" aria-label=\"6 sur 16\"><figure class=\"swiper-slide-inner\"><img class=\"swiper-slide-image swiper-lazy\" data-src=\"https:\/\/www.megabyte.be\/consulting\/wp-content\/uploads\/elementor\/thumbs\/Carrousel-references-Megabyte-port-of-antwerpen-qbmcm7n00p9mdu8ho9wypvuq1supj6lu54wddh6vyc.png\" alt=\"Carrousel-r\u00e9f\u00e9rences-Megabyte-port-of-antwerpen\" \/><div class=\"swiper-lazy-preloader\"><\/div><\/figure><\/div><div class=\"swiper-slide\" role=\"group\" aria-roledescription=\"slide\" aria-label=\"7 sur 16\"><figure class=\"swiper-slide-inner\"><img class=\"swiper-slide-image swiper-lazy\" data-src=\"https:\/\/www.megabyte.be\/consulting\/wp-content\/uploads\/elementor\/thumbs\/Carrousel-references-Megabyte-rosier-qbmcm7n00p9mdu8ho9wypvuq1supj6lu54wddh6vyc.png\" alt=\"Carrousel-r\u00e9f\u00e9rences-Megabyte-rosier\" \/><div class=\"swiper-lazy-preloader\"><\/div><\/figure><\/div><div class=\"swiper-slide\" role=\"group\" aria-roledescription=\"slide\" aria-label=\"8 sur 16\"><figure class=\"swiper-slide-inner\"><img class=\"swiper-slide-image swiper-lazy\" data-src=\"https:\/\/www.megabyte.be\/consulting\/wp-content\/uploads\/elementor\/thumbs\/Carrousel-references-Megabyte-sotraba-qbmcm8ku7jawpg74isbladm6n6q2qvpkh9juur5hs4.png\" alt=\"Carrousel-r\u00e9f\u00e9rences-Megabyte-sotraba\" \/><div class=\"swiper-lazy-preloader\"><\/div><\/figure><\/div><div class=\"swiper-slide\" role=\"group\" aria-roledescription=\"slide\" aria-label=\"9 sur 16\"><figure class=\"swiper-slide-inner\"><img class=\"swiper-slide-image swiper-lazy\" data-src=\"https:\/\/www.megabyte.be\/consulting\/wp-content\/uploads\/elementor\/thumbs\/Carrousel-references-Megabyte-zetes-qbmcm8ku7jawpg74isbladm6n6q2qvpkh9juur5hs4.png\" alt=\"Carrousel-r\u00e9f\u00e9rences-Megabyte-zetes\" \/><div class=\"swiper-lazy-preloader\"><\/div><\/figure><\/div><div class=\"swiper-slide\" role=\"group\" aria-roledescription=\"slide\" aria-label=\"10 sur 16\"><figure class=\"swiper-slide-inner\"><img class=\"swiper-slide-image swiper-lazy\" data-src=\"https:\/\/www.megabyte.be\/consulting\/wp-content\/uploads\/elementor\/thumbs\/Carrousel-references-Megabyte-3M-qbmcm8ku7jawpg74isbladm6n6q2qvpkh9juur5hs4.png\" alt=\"Carrousel-r\u00e9f\u00e9rences-Megabyte-3M\" \/><div class=\"swiper-lazy-preloader\"><\/div><\/figure><\/div><div class=\"swiper-slide\" role=\"group\" aria-roledescription=\"slide\" aria-label=\"11 sur 16\"><figure class=\"swiper-slide-inner\"><img class=\"swiper-slide-image swiper-lazy\" data-src=\"https:\/\/www.megabyte.be\/consulting\/wp-content\/uploads\/elementor\/thumbs\/Carrousel-references-Megabyte-5GAA-qbmcm9ioedc7125rdaq7uvdn8klfyktate7cc143lw.png\" alt=\"Carrousel-r\u00e9f\u00e9rences-Megabyte-5GAA\" \/><div class=\"swiper-lazy-preloader\"><\/div><\/figure><\/div><div class=\"swiper-slide\" role=\"group\" aria-roledescription=\"slide\" aria-label=\"12 sur 16\"><figure class=\"swiper-slide-inner\"><img class=\"swiper-slide-image swiper-lazy\" data-src=\"https:\/\/www.megabyte.be\/consulting\/wp-content\/uploads\/elementor\/thumbs\/Carrousel-references-Megabyte-Air-Liquide-qbmcm9ioedc7125rdaq7uvdn8klfyktate7cc143lw.png\" alt=\"Carrousel-r\u00e9f\u00e9rences-Megabyte-Air-Liquide\" \/><div class=\"swiper-lazy-preloader\"><\/div><\/figure><\/div><div class=\"swiper-slide\" role=\"group\" aria-roledescription=\"slide\" aria-label=\"13 sur 16\"><figure class=\"swiper-slide-inner\"><img class=\"swiper-slide-image swiper-lazy\" data-src=\"https:\/\/www.megabyte.be\/consulting\/wp-content\/uploads\/elementor\/thumbs\/Carrousel-references-Megabyte-Clearchannel-qbmcm9ioedc7125rdaq7uvdn8klfyktate7cc143lw.png\" alt=\"Carrousel-r\u00e9f\u00e9rences-Megabyte-Clearchannel\" \/><div class=\"swiper-lazy-preloader\"><\/div><\/figure><\/div><div class=\"swiper-slide\" role=\"group\" aria-roledescription=\"slide\" aria-label=\"14 sur 16\"><figure class=\"swiper-slide-inner\"><img class=\"swiper-slide-image swiper-lazy\" data-src=\"https:\/\/www.megabyte.be\/consulting\/wp-content\/uploads\/elementor\/thumbs\/Carrousel-references-Megabyte-deloitte-qbmcm9ioedc7125rdaq7uvdn8klfyktate7cc143lw.png\" alt=\"Carrousel-r\u00e9f\u00e9rences-Megabyte-deloitte\" \/><div class=\"swiper-lazy-preloader\"><\/div><\/figure><\/div><div class=\"swiper-slide\" role=\"group\" aria-roledescription=\"slide\" aria-label=\"15 sur 16\"><figure class=\"swiper-slide-inner\"><img class=\"swiper-slide-image swiper-lazy\" data-src=\"https:\/\/www.megabyte.be\/consulting\/wp-content\/uploads\/elementor\/thumbs\/Carrousel-references-Megabyte-dieteren-sport-qbmcmagil7dhco4e7t4ufd53tygt69x15iuttb2pfo.png\" alt=\"Carrousel-r\u00e9f\u00e9rences-Megabyte-dieteren-sport\" \/><div class=\"swiper-lazy-preloader\"><\/div><\/figure><\/div><div class=\"swiper-slide\" role=\"group\" aria-roledescription=\"slide\" aria-label=\"16 sur 16\"><figure class=\"swiper-slide-inner\"><img class=\"swiper-slide-image swiper-lazy\" data-src=\"https:\/\/www.megabyte.be\/consulting\/wp-content\/uploads\/elementor\/thumbs\/Carrousel-references-Megabyte-entsoe-qbmcmagil7dhco4e7t4ufd53tygt69x15iuttb2pfo.png\" alt=\"Carrousel-r\u00e9f\u00e9rences-Megabyte-entsoe\" \/><div class=\"swiper-lazy-preloader\"><\/div><\/figure><\/div>\t\t\t<\/div>\n\t\t\t\t\t\t\t\t\t\t\t\t<div class=\"elementor-swiper-button elementor-swiper-button-prev\" role=\"button\" tabindex=\"0\">\n\t\t\t\t\t\t<svg aria-hidden=\"true\" class=\"e-font-icon-svg e-eicon-chevron-left\" viewBox=\"0 0 1000 1000\" xmlns=\"http:\/\/www.w3.org\/2000\/svg\"><path d=\"M646 125C629 125 613 133 604 142L308 442C296 454 292 471 292 487 292 504 296 521 308 533L604 854C617 867 629 875 646 875 663 875 679 871 692 858 704 846 713 829 713 812 713 796 708 779 692 767L438 487 692 225C700 217 708 204 708 187 708 171 704 154 692 142 675 129 663 125 646 125Z\"><\/path><\/svg>\t\t\t\t\t<\/div>\n\t\t\t\t\t<div class=\"elementor-swiper-button elementor-swiper-button-next\" role=\"button\" tabindex=\"0\">\n\t\t\t\t\t\t<svg aria-hidden=\"true\" class=\"e-font-icon-svg e-eicon-chevron-right\" viewBox=\"0 0 1000 1000\" xmlns=\"http:\/\/www.w3.org\/2000\/svg\"><path d=\"M696 533C708 521 713 504 713 487 713 471 708 454 696 446L400 146C388 133 375 125 354 125 338 125 325 129 313 142 300 154 292 171 292 187 292 204 296 221 308 233L563 492 304 771C292 783 288 800 288 817 288 833 296 850 308 863 321 871 338 875 354 875 371 875 388 867 400 854L696 533Z\"><\/path><\/svg>\t\t\t\t\t<\/div>\n\t\t\t\t\n\t\t\t\t\t\t\t\t\t<\/div>\n\t\t\t\t\t\t<\/div>\n\t\t\t\t<\/div>\n\t\t\t\t\t<\/div>\n\t\t\t\t<\/div>\n\t\t\t\t<\/div>\n\t\t","protected":false},"excerpt":{"rendered":"<p>HISTOIRE D\u00e9couvrez les origines de Megabyte Fond\u00e9 en 1999, le groupe Lisam est un fournisseur mondial de solutions de logiciels et de services de gestion de la conformit\u00e9 en mati\u00e8re d&rsquo;environnement, de sant\u00e9 et de s\u00e9curit\u00e9 (EH&amp;S), op\u00e9rant depuis des bureaux dans le monde entier. Depuis sa cr\u00e9ation, le groupe Lisam s&rsquo;efforce activement d&rsquo;apporter des [&hellip;]<\/p>\n","protected":false},"author":1,"featured_media":241,"parent":0,"menu_order":2,"comment_status":"closed","ping_status":"closed","template":"","meta":{"_acf_changed":false,"footnotes":""},"class_list":["post-16","page","type-page","status-publish","has-post-thumbnail","hentry"],"acf":[],"yoast_head":"<!-- This site is optimized with the Yoast SEO plugin v27.5 - https:\/\/yoast.com\/product\/yoast-seo-wordpress\/ -->\n<title>Qui sommes-nous ? - Megabyte Consulting<\/title>\n<meta name=\"robots\" content=\"index, follow, max-snippet:-1, max-image-preview:large, max-video-preview:-1\" \/>\n<link rel=\"canonical\" href=\"https:\/\/www.megabyte.be\/consulting\/qui-sommes-nous\/\" \/>\n<meta property=\"og:locale\" content=\"fr_FR\" \/>\n<meta property=\"og:type\" content=\"article\" \/>\n<meta property=\"og:title\" content=\"Qui sommes-nous ? - Megabyte Consulting\" \/>\n<meta property=\"og:description\" content=\"HISTOIRE D\u00e9couvrez les origines de Megabyte Fond\u00e9 en 1999, le groupe Lisam est un fournisseur mondial de solutions de logiciels et de services de gestion de la conformit\u00e9 en mati\u00e8re d&rsquo;environnement, de sant\u00e9 et de s\u00e9curit\u00e9 (EH&amp;S), op\u00e9rant depuis des bureaux dans le monde entier. Depuis sa cr\u00e9ation, le groupe Lisam s&rsquo;efforce activement d&rsquo;apporter des [&hellip;]\" \/>\n<meta property=\"og:url\" content=\"https:\/\/www.megabyte.be\/consulting\/qui-sommes-nous\/\" \/>\n<meta property=\"og:site_name\" content=\"Megabyte Consulting\" \/>\n<meta property=\"article:modified_time\" content=\"2024-08-01T12:56:31+00:00\" \/>\n<meta property=\"og:image\" content=\"https:\/\/megabyte.follow-us.net\/wp-content\/uploads\/2023\/08\/Megabyte-a-propos-de-nous-1.jpg\" \/>\n\t<meta property=\"og:image:width\" content=\"1920\" \/>\n\t<meta property=\"og:image:height\" content=\"500\" \/>\n\t<meta property=\"og:image:type\" content=\"image\/jpeg\" \/>\n<meta name=\"twitter:card\" content=\"summary_large_image\" \/>\n<meta name=\"twitter:label1\" content=\"Dur\u00e9e de lecture estim\u00e9e\" \/>\n\t<meta name=\"twitter:data1\" content=\"7 minutes\" \/>\n<script type=\"application\/ld+json\" class=\"yoast-schema-graph\">{\"@context\":\"https:\\\/\\\/schema.org\",\"@graph\":[{\"@type\":\"WebPage\",\"@id\":\"https:\\\/\\\/www.megabyte.be\\\/consulting\\\/qui-sommes-nous\\\/\",\"url\":\"https:\\\/\\\/www.megabyte.be\\\/consulting\\\/qui-sommes-nous\\\/\",\"name\":\"Qui sommes-nous ? - Megabyte Consulting\",\"isPartOf\":{\"@id\":\"https:\\\/\\\/megabyte.follow-us.net\\\/#website\"},\"primaryImageOfPage\":{\"@id\":\"https:\\\/\\\/www.megabyte.be\\\/consulting\\\/qui-sommes-nous\\\/#primaryimage\"},\"image\":{\"@id\":\"https:\\\/\\\/www.megabyte.be\\\/consulting\\\/qui-sommes-nous\\\/#primaryimage\"},\"thumbnailUrl\":\"https:\\\/\\\/www.megabyte.be\\\/consulting\\\/wp-content\\\/uploads\\\/2023\\\/08\\\/Megabyte-a-propos-de-nous-1.jpg\",\"datePublished\":\"2023-08-01T13:26:53+00:00\",\"dateModified\":\"2024-08-01T12:56:31+00:00\",\"breadcrumb\":{\"@id\":\"https:\\\/\\\/www.megabyte.be\\\/consulting\\\/qui-sommes-nous\\\/#breadcrumb\"},\"inLanguage\":\"fr-FR\",\"potentialAction\":[{\"@type\":\"ReadAction\",\"target\":[\"https:\\\/\\\/www.megabyte.be\\\/consulting\\\/qui-sommes-nous\\\/\"]}]},{\"@type\":\"ImageObject\",\"inLanguage\":\"fr-FR\",\"@id\":\"https:\\\/\\\/www.megabyte.be\\\/consulting\\\/qui-sommes-nous\\\/#primaryimage\",\"url\":\"https:\\\/\\\/www.megabyte.be\\\/consulting\\\/wp-content\\\/uploads\\\/2023\\\/08\\\/Megabyte-a-propos-de-nous-1.jpg\",\"contentUrl\":\"https:\\\/\\\/www.megabyte.be\\\/consulting\\\/wp-content\\\/uploads\\\/2023\\\/08\\\/Megabyte-a-propos-de-nous-1.jpg\",\"width\":1920,\"height\":500},{\"@type\":\"BreadcrumbList\",\"@id\":\"https:\\\/\\\/www.megabyte.be\\\/consulting\\\/qui-sommes-nous\\\/#breadcrumb\",\"itemListElement\":[{\"@type\":\"ListItem\",\"position\":1,\"name\":\"Home\",\"item\":\"https:\\\/\\\/www.megabyte.be\\\/consulting\\\/\"},{\"@type\":\"ListItem\",\"position\":2,\"name\":\"Qui sommes-nous ?\"}]},{\"@type\":\"WebSite\",\"@id\":\"https:\\\/\\\/megabyte.follow-us.net\\\/#website\",\"url\":\"https:\\\/\\\/megabyte.follow-us.net\\\/\",\"name\":\"Megabyte Consulting\",\"description\":\"\",\"publisher\":{\"@id\":\"https:\\\/\\\/megabyte.follow-us.net\\\/#organization\"},\"potentialAction\":[{\"@type\":\"SearchAction\",\"target\":{\"@type\":\"EntryPoint\",\"urlTemplate\":\"https:\\\/\\\/megabyte.follow-us.net\\\/?s={search_term_string}\"},\"query-input\":{\"@type\":\"PropertyValueSpecification\",\"valueRequired\":true,\"valueName\":\"search_term_string\"}}],\"inLanguage\":\"fr-FR\"},{\"@type\":\"Organization\",\"@id\":\"https:\\\/\\\/megabyte.follow-us.net\\\/#organization\",\"name\":\"Megabyte Consulting\",\"url\":\"https:\\\/\\\/megabyte.follow-us.net\\\/\",\"logo\":{\"@type\":\"ImageObject\",\"inLanguage\":\"fr-FR\",\"@id\":\"https:\\\/\\\/megabyte.follow-us.net\\\/#\\\/schema\\\/logo\\\/image\\\/\",\"url\":\"https:\\\/\\\/www.megabyte.be\\\/consulting\\\/wp-content\\\/uploads\\\/2023\\\/08\\\/Megabyte_Consulting_Logotype.svg\",\"contentUrl\":\"https:\\\/\\\/www.megabyte.be\\\/consulting\\\/wp-content\\\/uploads\\\/2023\\\/08\\\/Megabyte_Consulting_Logotype.svg\",\"width\":323,\"height\":56,\"caption\":\"Megabyte Consulting\"},\"image\":{\"@id\":\"https:\\\/\\\/megabyte.follow-us.net\\\/#\\\/schema\\\/logo\\\/image\\\/\"}}]}<\/script>\n<!-- \/ Yoast SEO plugin. -->","yoast_head_json":{"title":"Qui sommes-nous ? - Megabyte Consulting","robots":{"index":"index","follow":"follow","max-snippet":"max-snippet:-1","max-image-preview":"max-image-preview:large","max-video-preview":"max-video-preview:-1"},"canonical":"https:\/\/www.megabyte.be\/consulting\/qui-sommes-nous\/","og_locale":"fr_FR","og_type":"article","og_title":"Qui sommes-nous ? - Megabyte Consulting","og_description":"HISTOIRE D\u00e9couvrez les origines de Megabyte Fond\u00e9 en 1999, le groupe Lisam est un fournisseur mondial de solutions de logiciels et de services de gestion de la conformit\u00e9 en mati\u00e8re d&rsquo;environnement, de sant\u00e9 et de s\u00e9curit\u00e9 (EH&amp;S), op\u00e9rant depuis des bureaux dans le monde entier. Depuis sa cr\u00e9ation, le groupe Lisam s&rsquo;efforce activement d&rsquo;apporter des [&hellip;]","og_url":"https:\/\/www.megabyte.be\/consulting\/qui-sommes-nous\/","og_site_name":"Megabyte Consulting","article_modified_time":"2024-08-01T12:56:31+00:00","og_image":[{"width":1920,"height":500,"url":"https:\/\/megabyte.follow-us.net\/wp-content\/uploads\/2023\/08\/Megabyte-a-propos-de-nous-1.jpg","type":"image\/jpeg"}],"twitter_card":"summary_large_image","twitter_misc":{"Dur\u00e9e de lecture estim\u00e9e":"7 minutes"},"schema":{"@context":"https:\/\/schema.org","@graph":[{"@type":"WebPage","@id":"https:\/\/www.megabyte.be\/consulting\/qui-sommes-nous\/","url":"https:\/\/www.megabyte.be\/consulting\/qui-sommes-nous\/","name":"Qui sommes-nous ? - Megabyte Consulting","isPartOf":{"@id":"https:\/\/megabyte.follow-us.net\/#website"},"primaryImageOfPage":{"@id":"https:\/\/www.megabyte.be\/consulting\/qui-sommes-nous\/#primaryimage"},"image":{"@id":"https:\/\/www.megabyte.be\/consulting\/qui-sommes-nous\/#primaryimage"},"thumbnailUrl":"https:\/\/www.megabyte.be\/consulting\/wp-content\/uploads\/2023\/08\/Megabyte-a-propos-de-nous-1.jpg","datePublished":"2023-08-01T13:26:53+00:00","dateModified":"2024-08-01T12:56:31+00:00","breadcrumb":{"@id":"https:\/\/www.megabyte.be\/consulting\/qui-sommes-nous\/#breadcrumb"},"inLanguage":"fr-FR","potentialAction":[{"@type":"ReadAction","target":["https:\/\/www.megabyte.be\/consulting\/qui-sommes-nous\/"]}]},{"@type":"ImageObject","inLanguage":"fr-FR","@id":"https:\/\/www.megabyte.be\/consulting\/qui-sommes-nous\/#primaryimage","url":"https:\/\/www.megabyte.be\/consulting\/wp-content\/uploads\/2023\/08\/Megabyte-a-propos-de-nous-1.jpg","contentUrl":"https:\/\/www.megabyte.be\/consulting\/wp-content\/uploads\/2023\/08\/Megabyte-a-propos-de-nous-1.jpg","width":1920,"height":500},{"@type":"BreadcrumbList","@id":"https:\/\/www.megabyte.be\/consulting\/qui-sommes-nous\/#breadcrumb","itemListElement":[{"@type":"ListItem","position":1,"name":"Home","item":"https:\/\/www.megabyte.be\/consulting\/"},{"@type":"ListItem","position":2,"name":"Qui sommes-nous ?"}]},{"@type":"WebSite","@id":"https:\/\/megabyte.follow-us.net\/#website","url":"https:\/\/megabyte.follow-us.net\/","name":"Megabyte Consulting","description":"","publisher":{"@id":"https:\/\/megabyte.follow-us.net\/#organization"},"potentialAction":[{"@type":"SearchAction","target":{"@type":"EntryPoint","urlTemplate":"https:\/\/megabyte.follow-us.net\/?s={search_term_string}"},"query-input":{"@type":"PropertyValueSpecification","valueRequired":true,"valueName":"search_term_string"}}],"inLanguage":"fr-FR"},{"@type":"Organization","@id":"https:\/\/megabyte.follow-us.net\/#organization","name":"Megabyte Consulting","url":"https:\/\/megabyte.follow-us.net\/","logo":{"@type":"ImageObject","inLanguage":"fr-FR","@id":"https:\/\/megabyte.follow-us.net\/#\/schema\/logo\/image\/","url":"https:\/\/www.megabyte.be\/consulting\/wp-content\/uploads\/2023\/08\/Megabyte_Consulting_Logotype.svg","contentUrl":"https:\/\/www.megabyte.be\/consulting\/wp-content\/uploads\/2023\/08\/Megabyte_Consulting_Logotype.svg","width":323,"height":56,"caption":"Megabyte Consulting"},"image":{"@id":"https:\/\/megabyte.follow-us.net\/#\/schema\/logo\/image\/"}}]}},"_links":{"self":[{"href":"https:\/\/www.megabyte.be\/consulting\/wp-json\/wp\/v2\/pages\/16","targetHints":{"allow":["GET"]}}],"collection":[{"href":"https:\/\/www.megabyte.be\/consulting\/wp-json\/wp\/v2\/pages"}],"about":[{"href":"https:\/\/www.megabyte.be\/consulting\/wp-json\/wp\/v2\/types\/page"}],"author":[{"embeddable":true,"href":"https:\/\/www.megabyte.be\/consulting\/wp-json\/wp\/v2\/users\/1"}],"replies":[{"embeddable":true,"href":"https:\/\/www.megabyte.be\/consulting\/wp-json\/wp\/v2\/comments?post=16"}],"version-history":[{"count":10,"href":"https:\/\/www.megabyte.be\/consulting\/wp-json\/wp\/v2\/pages\/16\/revisions"}],"predecessor-version":[{"id":2262,"href":"https:\/\/www.megabyte.be\/consulting\/wp-json\/wp\/v2\/pages\/16\/revisions\/2262"}],"wp:featuredmedia":[{"embeddable":true,"href":"https:\/\/www.megabyte.be\/consulting\/wp-json\/wp\/v2\/media\/241"}],"wp:attachment":[{"href":"https:\/\/www.megabyte.be\/consulting\/wp-json\/wp\/v2\/media?parent=16"}],"curies":[{"name":"wp","href":"https:\/\/api.w.org\/{rel}","templated":true}]}}