{"id":1928,"date":"2023-11-29T11:22:37","date_gmt":"2023-11-29T10:22:37","guid":{"rendered":"https:\/\/megabyte.follow-us.net\/onze-diensten\/training-en-ontwikkeling-van-vaardigheden\/"},"modified":"2024-09-09T10:34:16","modified_gmt":"2024-09-09T08:34:16","slug":"training-en-ontwikkeling-van-vaardigheden","status":"publish","type":"page","link":"https:\/\/www.megabyte.be\/consulting\/nl\/onze-diensten\/training-en-ontwikkeling-van-vaardigheden\/","title":{"rendered":"Training en ontwikkeling van vaardigheden"},"content":{"rendered":"\t\t<div data-elementor-type=\"wp-page\" data-elementor-id=\"1928\" class=\"elementor elementor-1928 elementor-559\" data-elementor-post-type=\"page\">\n\t\t\t\t<div class=\"elementor-element elementor-element-413647d e-flex e-con-boxed e-con e-parent\" data-id=\"413647d\" data-element_type=\"container\" data-e-type=\"container\">\n\t\t\t\t\t<div class=\"e-con-inner\">\n\t\t\t\t<div class=\"elementor-element elementor-element-86744d6 elementor-widget elementor-widget-text-editor\" data-id=\"86744d6\" data-element_type=\"widget\" data-e-type=\"widget\" data-widget_type=\"text-editor.default\">\n\t\t\t\t<div class=\"elementor-widget-container\">\n\t\t\t\t\t\t\t\t\t<p>Training en de ontwikkeling van vaardigheden zijn essentieel om werknemers te helpen effectief gebruik te maken van IT-technologie\u00ebn en tools, waaronder een applicatiebeheerplatform. Goed opgeleide werknemers zijn in staat om bedrijfsprocessen te optimaliseren, de productiviteit te verhogen, de kwaliteit af te leveren en een betere klantenservice te bieden.<\/p>\n<p>Om effectieve training en ontwikkeling van vaardigheden te bieden, is het belangrijk om de specifieke behoeften van de werknemers van het bedrijf te begrijpen en training te bieden die op hen is afgestemd. Dit kan op maat gemaakte trainingsprogramma&#8217;s omvatten die rekening houden met de bestaande vaardigheden van werknemers en gebieden waarop ze verbetering nodig hebben. Het kan ook nuttig zijn om mogelijkheden voor voortdurende training te bieden, zodat werknemers op de hoogte blijven van de nieuwste technologie\u00ebn en beste praktijken.<\/p>\n<p>Bij het aanbieden van training en het ontwikkelen van vaardigheden is het ook belangrijk om rekening te houden met verschillende leerstijlen en een verscheidenheid aan leerbenaderingen te bieden, zoals persoonlijke trainingssessies, online webinars, video tutorials, gebruikershandleidingen en \u00e9\u00e9n-op-\u00e9\u00e9n coachingsessies.<\/p>\n<p>Training en ontwikkeling van vaardigheden kan ook een gelegenheid zijn voor werknemers om zich vertrouwd te maken met de geavanceerde functies van het applicatiebeheerplatform, zoals gegevensanalyse en visualisatie. Dit kan werknemers helpen het platform effectiever te gebruiken om bedrijfsprocessen te verbeteren en beter ge\u00efnformeerde beslissingen te nemen.<\/p>\n<p>Uiteindelijk zijn training en de ontwikkeling van vaardigheden essentieel om werknemers te helpen effectief gebruik te maken van IT-technologie\u00ebn en tools, waaronder een applicatiebeheerplatform. Dit kan helpen om de effici\u00ebntie en productiviteit van werknemers te verbeteren, een betere klantenservice te bieden en het bedrijf concurrerend te houden.<\/p>\n\t\t\t\t\t\t\t\t<\/div>\n\t\t\t\t<\/div>\n\t\t\t\t\t<\/div>\n\t\t\t\t<\/div>\n\t\t\t\t<\/div>\n\t\t","protected":false},"excerpt":{"rendered":"<p>Training en de ontwikkeling van vaardigheden zijn essentieel om werknemers te helpen effectief gebruik te maken van IT-technologie\u00ebn en tools, waaronder een applicatiebeheerplatform. Goed opgeleide werknemers zijn in staat om bedrijfsprocessen te optimaliseren, de productiviteit te verhogen, de kwaliteit af te leveren en een betere klantenservice te bieden. Om effectieve training en ontwikkeling van vaardigheden [&hellip;]<\/p>\n","protected":false},"author":1,"featured_media":1502,"parent":1916,"menu_order":4,"comment_status":"closed","ping_status":"closed","template":"","meta":{"_acf_changed":false,"footnotes":""},"class_list":["post-1928","page","type-page","status-publish","has-post-thumbnail","hentry"],"acf":[],"yoast_head":"<!-- This site is optimized with the Yoast SEO plugin v27.3 - https:\/\/yoast.com\/product\/yoast-seo-wordpress\/ -->\n<title>Training en ontwikkeling van vaardigheden - Megabyte Consulting<\/title>\n<meta name=\"robots\" content=\"index, follow, max-snippet:-1, max-image-preview:large, max-video-preview:-1\" \/>\n<link rel=\"canonical\" href=\"https:\/\/www.megabyte.be\/consulting\/nl\/onze-diensten\/training-en-ontwikkeling-van-vaardigheden\/\" \/>\n<meta property=\"og:locale\" content=\"nl_NL\" \/>\n<meta property=\"og:type\" content=\"article\" \/>\n<meta property=\"og:title\" content=\"Training en ontwikkeling van vaardigheden - Megabyte Consulting\" \/>\n<meta property=\"og:description\" content=\"Training en de ontwikkeling van vaardigheden zijn essentieel om werknemers te helpen effectief gebruik te maken van IT-technologie\u00ebn en tools, waaronder een applicatiebeheerplatform. Goed opgeleide werknemers zijn in staat om bedrijfsprocessen te optimaliseren, de productiviteit te verhogen, de kwaliteit af te leveren en een betere klantenservice te bieden. Om effectieve training en ontwikkeling van vaardigheden [&hellip;]\" \/>\n<meta property=\"og:url\" content=\"https:\/\/www.megabyte.be\/consulting\/nl\/onze-diensten\/training-en-ontwikkeling-van-vaardigheden\/\" \/>\n<meta property=\"og:site_name\" content=\"Megabyte Consulting\" \/>\n<meta property=\"article:modified_time\" content=\"2024-09-09T08:34:16+00:00\" \/>\n<meta property=\"og:image\" content=\"https:\/\/megabyte.follow-us.net\/wp-content\/uploads\/2023\/11\/Megabyte-formation.jpg\" \/>\n\t<meta property=\"og:image:width\" content=\"1920\" \/>\n\t<meta property=\"og:image:height\" content=\"500\" \/>\n\t<meta property=\"og:image:type\" content=\"image\/jpeg\" \/>\n<meta name=\"twitter:card\" content=\"summary_large_image\" \/>\n<meta name=\"twitter:label1\" content=\"Geschatte leestijd\" \/>\n\t<meta name=\"twitter:data1\" content=\"2 minuten\" \/>\n<script type=\"application\/ld+json\" class=\"yoast-schema-graph\">{\"@context\":\"https:\\\/\\\/schema.org\",\"@graph\":[{\"@type\":\"WebPage\",\"@id\":\"https:\\\/\\\/www.megabyte.be\\\/consulting\\\/nl\\\/onze-diensten\\\/training-en-ontwikkeling-van-vaardigheden\\\/\",\"url\":\"https:\\\/\\\/www.megabyte.be\\\/consulting\\\/nl\\\/onze-diensten\\\/training-en-ontwikkeling-van-vaardigheden\\\/\",\"name\":\"Training en ontwikkeling van vaardigheden - Megabyte Consulting\",\"isPartOf\":{\"@id\":\"https:\\\/\\\/megabyte.follow-us.net\\\/#website\"},\"primaryImageOfPage\":{\"@id\":\"https:\\\/\\\/www.megabyte.be\\\/consulting\\\/nl\\\/onze-diensten\\\/training-en-ontwikkeling-van-vaardigheden\\\/#primaryimage\"},\"image\":{\"@id\":\"https:\\\/\\\/www.megabyte.be\\\/consulting\\\/nl\\\/onze-diensten\\\/training-en-ontwikkeling-van-vaardigheden\\\/#primaryimage\"},\"thumbnailUrl\":\"https:\\\/\\\/www.megabyte.be\\\/consulting\\\/wp-content\\\/uploads\\\/2023\\\/11\\\/Megabyte-formation.jpg\",\"datePublished\":\"2023-11-29T10:22:37+00:00\",\"dateModified\":\"2024-09-09T08:34:16+00:00\",\"breadcrumb\":{\"@id\":\"https:\\\/\\\/www.megabyte.be\\\/consulting\\\/nl\\\/onze-diensten\\\/training-en-ontwikkeling-van-vaardigheden\\\/#breadcrumb\"},\"inLanguage\":\"nl-NL\",\"potentialAction\":[{\"@type\":\"ReadAction\",\"target\":[\"https:\\\/\\\/www.megabyte.be\\\/consulting\\\/nl\\\/onze-diensten\\\/training-en-ontwikkeling-van-vaardigheden\\\/\"]}]},{\"@type\":\"ImageObject\",\"inLanguage\":\"nl-NL\",\"@id\":\"https:\\\/\\\/www.megabyte.be\\\/consulting\\\/nl\\\/onze-diensten\\\/training-en-ontwikkeling-van-vaardigheden\\\/#primaryimage\",\"url\":\"https:\\\/\\\/www.megabyte.be\\\/consulting\\\/wp-content\\\/uploads\\\/2023\\\/11\\\/Megabyte-formation.jpg\",\"contentUrl\":\"https:\\\/\\\/www.megabyte.be\\\/consulting\\\/wp-content\\\/uploads\\\/2023\\\/11\\\/Megabyte-formation.jpg\",\"width\":1920,\"height\":500},{\"@type\":\"BreadcrumbList\",\"@id\":\"https:\\\/\\\/www.megabyte.be\\\/consulting\\\/nl\\\/onze-diensten\\\/training-en-ontwikkeling-van-vaardigheden\\\/#breadcrumb\",\"itemListElement\":[{\"@type\":\"ListItem\",\"position\":1,\"name\":\"Home\",\"item\":\"https:\\\/\\\/www.megabyte.be\\\/consulting\\\/nl\\\/\"},{\"@type\":\"ListItem\",\"position\":2,\"name\":\"Onze diensten\",\"item\":\"https:\\\/\\\/megabyte.follow-us.net\\\/nl\\\/onze-diensten\\\/\"},{\"@type\":\"ListItem\",\"position\":3,\"name\":\"Training en ontwikkeling van vaardigheden\"}]},{\"@type\":\"WebSite\",\"@id\":\"https:\\\/\\\/megabyte.follow-us.net\\\/#website\",\"url\":\"https:\\\/\\\/megabyte.follow-us.net\\\/\",\"name\":\"Megabyte Consulting\",\"description\":\"\",\"publisher\":{\"@id\":\"https:\\\/\\\/megabyte.follow-us.net\\\/#organization\"},\"potentialAction\":[{\"@type\":\"SearchAction\",\"target\":{\"@type\":\"EntryPoint\",\"urlTemplate\":\"https:\\\/\\\/megabyte.follow-us.net\\\/?s={search_term_string}\"},\"query-input\":{\"@type\":\"PropertyValueSpecification\",\"valueRequired\":true,\"valueName\":\"search_term_string\"}}],\"inLanguage\":\"nl-NL\"},{\"@type\":\"Organization\",\"@id\":\"https:\\\/\\\/megabyte.follow-us.net\\\/#organization\",\"name\":\"Megabyte Consulting\",\"url\":\"https:\\\/\\\/megabyte.follow-us.net\\\/\",\"logo\":{\"@type\":\"ImageObject\",\"inLanguage\":\"nl-NL\",\"@id\":\"https:\\\/\\\/megabyte.follow-us.net\\\/#\\\/schema\\\/logo\\\/image\\\/\",\"url\":\"https:\\\/\\\/www.megabyte.be\\\/consulting\\\/wp-content\\\/uploads\\\/2023\\\/08\\\/Megabyte_Consulting_Logotype.svg\",\"contentUrl\":\"https:\\\/\\\/www.megabyte.be\\\/consulting\\\/wp-content\\\/uploads\\\/2023\\\/08\\\/Megabyte_Consulting_Logotype.svg\",\"width\":323,\"height\":56,\"caption\":\"Megabyte Consulting\"},\"image\":{\"@id\":\"https:\\\/\\\/megabyte.follow-us.net\\\/#\\\/schema\\\/logo\\\/image\\\/\"}}]}<\/script>\n<!-- \/ Yoast SEO plugin. -->","yoast_head_json":{"title":"Training en ontwikkeling van vaardigheden - Megabyte Consulting","robots":{"index":"index","follow":"follow","max-snippet":"max-snippet:-1","max-image-preview":"max-image-preview:large","max-video-preview":"max-video-preview:-1"},"canonical":"https:\/\/www.megabyte.be\/consulting\/nl\/onze-diensten\/training-en-ontwikkeling-van-vaardigheden\/","og_locale":"nl_NL","og_type":"article","og_title":"Training en ontwikkeling van vaardigheden - Megabyte Consulting","og_description":"Training en de ontwikkeling van vaardigheden zijn essentieel om werknemers te helpen effectief gebruik te maken van IT-technologie\u00ebn en tools, waaronder een applicatiebeheerplatform. Goed opgeleide werknemers zijn in staat om bedrijfsprocessen te optimaliseren, de productiviteit te verhogen, de kwaliteit af te leveren en een betere klantenservice te bieden. Om effectieve training en ontwikkeling van vaardigheden [&hellip;]","og_url":"https:\/\/www.megabyte.be\/consulting\/nl\/onze-diensten\/training-en-ontwikkeling-van-vaardigheden\/","og_site_name":"Megabyte Consulting","article_modified_time":"2024-09-09T08:34:16+00:00","og_image":[{"width":1920,"height":500,"url":"https:\/\/megabyte.follow-us.net\/wp-content\/uploads\/2023\/11\/Megabyte-formation.jpg","type":"image\/jpeg"}],"twitter_card":"summary_large_image","twitter_misc":{"Geschatte leestijd":"2 minuten"},"schema":{"@context":"https:\/\/schema.org","@graph":[{"@type":"WebPage","@id":"https:\/\/www.megabyte.be\/consulting\/nl\/onze-diensten\/training-en-ontwikkeling-van-vaardigheden\/","url":"https:\/\/www.megabyte.be\/consulting\/nl\/onze-diensten\/training-en-ontwikkeling-van-vaardigheden\/","name":"Training en ontwikkeling van vaardigheden - Megabyte Consulting","isPartOf":{"@id":"https:\/\/megabyte.follow-us.net\/#website"},"primaryImageOfPage":{"@id":"https:\/\/www.megabyte.be\/consulting\/nl\/onze-diensten\/training-en-ontwikkeling-van-vaardigheden\/#primaryimage"},"image":{"@id":"https:\/\/www.megabyte.be\/consulting\/nl\/onze-diensten\/training-en-ontwikkeling-van-vaardigheden\/#primaryimage"},"thumbnailUrl":"https:\/\/www.megabyte.be\/consulting\/wp-content\/uploads\/2023\/11\/Megabyte-formation.jpg","datePublished":"2023-11-29T10:22:37+00:00","dateModified":"2024-09-09T08:34:16+00:00","breadcrumb":{"@id":"https:\/\/www.megabyte.be\/consulting\/nl\/onze-diensten\/training-en-ontwikkeling-van-vaardigheden\/#breadcrumb"},"inLanguage":"nl-NL","potentialAction":[{"@type":"ReadAction","target":["https:\/\/www.megabyte.be\/consulting\/nl\/onze-diensten\/training-en-ontwikkeling-van-vaardigheden\/"]}]},{"@type":"ImageObject","inLanguage":"nl-NL","@id":"https:\/\/www.megabyte.be\/consulting\/nl\/onze-diensten\/training-en-ontwikkeling-van-vaardigheden\/#primaryimage","url":"https:\/\/www.megabyte.be\/consulting\/wp-content\/uploads\/2023\/11\/Megabyte-formation.jpg","contentUrl":"https:\/\/www.megabyte.be\/consulting\/wp-content\/uploads\/2023\/11\/Megabyte-formation.jpg","width":1920,"height":500},{"@type":"BreadcrumbList","@id":"https:\/\/www.megabyte.be\/consulting\/nl\/onze-diensten\/training-en-ontwikkeling-van-vaardigheden\/#breadcrumb","itemListElement":[{"@type":"ListItem","position":1,"name":"Home","item":"https:\/\/www.megabyte.be\/consulting\/nl\/"},{"@type":"ListItem","position":2,"name":"Onze diensten","item":"https:\/\/megabyte.follow-us.net\/nl\/onze-diensten\/"},{"@type":"ListItem","position":3,"name":"Training en ontwikkeling van vaardigheden"}]},{"@type":"WebSite","@id":"https:\/\/megabyte.follow-us.net\/#website","url":"https:\/\/megabyte.follow-us.net\/","name":"Megabyte Consulting","description":"","publisher":{"@id":"https:\/\/megabyte.follow-us.net\/#organization"},"potentialAction":[{"@type":"SearchAction","target":{"@type":"EntryPoint","urlTemplate":"https:\/\/megabyte.follow-us.net\/?s={search_term_string}"},"query-input":{"@type":"PropertyValueSpecification","valueRequired":true,"valueName":"search_term_string"}}],"inLanguage":"nl-NL"},{"@type":"Organization","@id":"https:\/\/megabyte.follow-us.net\/#organization","name":"Megabyte Consulting","url":"https:\/\/megabyte.follow-us.net\/","logo":{"@type":"ImageObject","inLanguage":"nl-NL","@id":"https:\/\/megabyte.follow-us.net\/#\/schema\/logo\/image\/","url":"https:\/\/www.megabyte.be\/consulting\/wp-content\/uploads\/2023\/08\/Megabyte_Consulting_Logotype.svg","contentUrl":"https:\/\/www.megabyte.be\/consulting\/wp-content\/uploads\/2023\/08\/Megabyte_Consulting_Logotype.svg","width":323,"height":56,"caption":"Megabyte Consulting"},"image":{"@id":"https:\/\/megabyte.follow-us.net\/#\/schema\/logo\/image\/"}}]}},"_links":{"self":[{"href":"https:\/\/www.megabyte.be\/consulting\/nl\/wp-json\/wp\/v2\/pages\/1928","targetHints":{"allow":["GET"]}}],"collection":[{"href":"https:\/\/www.megabyte.be\/consulting\/nl\/wp-json\/wp\/v2\/pages"}],"about":[{"href":"https:\/\/www.megabyte.be\/consulting\/nl\/wp-json\/wp\/v2\/types\/page"}],"author":[{"embeddable":true,"href":"https:\/\/www.megabyte.be\/consulting\/nl\/wp-json\/wp\/v2\/users\/1"}],"replies":[{"embeddable":true,"href":"https:\/\/www.megabyte.be\/consulting\/nl\/wp-json\/wp\/v2\/comments?post=1928"}],"version-history":[{"count":8,"href":"https:\/\/www.megabyte.be\/consulting\/nl\/wp-json\/wp\/v2\/pages\/1928\/revisions"}],"predecessor-version":[{"id":2387,"href":"https:\/\/www.megabyte.be\/consulting\/nl\/wp-json\/wp\/v2\/pages\/1928\/revisions\/2387"}],"up":[{"embeddable":true,"href":"https:\/\/www.megabyte.be\/consulting\/nl\/wp-json\/wp\/v2\/pages\/1916"}],"wp:featuredmedia":[{"embeddable":true,"href":"https:\/\/www.megabyte.be\/consulting\/nl\/wp-json\/wp\/v2\/media\/1502"}],"wp:attachment":[{"href":"https:\/\/www.megabyte.be\/consulting\/nl\/wp-json\/wp\/v2\/media?parent=1928"}],"curies":[{"name":"wp","href":"https:\/\/api.w.org\/{rel}","templated":true}]}}