{"id":1926,"date":"2023-11-29T11:18:17","date_gmt":"2023-11-29T10:18:17","guid":{"rendered":"https:\/\/megabyte.follow-us.net\/onze-diensten\/digitale-transformatie\/"},"modified":"2024-08-13T18:11:08","modified_gmt":"2024-08-13T16:11:08","slug":"digitale-transformatie","status":"publish","type":"page","link":"https:\/\/www.megabyte.be\/consulting\/nl\/onze-diensten\/digitale-transformatie\/","title":{"rendered":"Digitale transformatie"},"content":{"rendered":"\t\t<div data-elementor-type=\"wp-page\" data-elementor-id=\"1926\" class=\"elementor elementor-1926 elementor-552\" data-elementor-post-type=\"page\">\n\t\t\t\t<div class=\"elementor-element elementor-element-3120e00 e-flex e-con-boxed e-con e-parent\" data-id=\"3120e00\" data-element_type=\"container\" data-e-type=\"container\">\n\t\t\t\t\t<div class=\"e-con-inner\">\n\t\t\t\t<div class=\"elementor-element elementor-element-674e856 elementor-widget elementor-widget-text-editor\" data-id=\"674e856\" data-element_type=\"widget\" data-e-type=\"widget\" data-widget_type=\"text-editor.default\">\n\t\t\t\t<div class=\"elementor-widget-container\">\n\t\t\t\t\t\t\t\t\t<p>Digitale transformatie is een belangrijk initiatief voor bedrijven van alle groottes en in alle sectoren, gericht op het toepassen van nieuwe technologie\u00ebn om hun effici\u00ebntie en productiviteit te verbeteren, evenals hun vermogen om te innoveren en zich aan te passen aan veranderingen in de markt. SaaS-oplossingen voor applicatiebeheer kunnen een sleutelrol spelen in deze transformatie en bedrijven een platform bieden voor het beheer van bedrijfsprocessen, gegevens en technologie\u00ebn, evenals analyse- en visualisatietools om de besluitvorming te ondersteunen.<\/p>\n<p>Het beoordelen van mogelijkheden voor digitale transformatie is een belangrijke stap voor bedrijven die nieuwe technologie\u00ebn willen toepassen en de effici\u00ebntie willen verbeteren. Deze beoordeling kan bedrijven helpen gebieden te identificeren waar technologie\u00ebn kunnen worden gebruikt om bedrijfsprocessen te verbeteren, inzicht te krijgen in de potenti\u00eble kosten en baten van het invoeren van deze technologie\u00ebn en een implementatieplan voor digitale transformatie te ontwikkelen.<\/p>\n<p>Mogelijkheden voor digitale transformatie kunnen het gebruik van SaaS-applicatiebeheeroplossingen voor klantrelatiebeheer, operationeel beheer, personeelsbeheer, beheer van de toeleveringsketen, gegevens- en beveiligingsbeheer, maar ook projectbeheer en samenwerking omvatten. Deze oplossingen kunnen bedrijven helpen bedrijfsprocessen te automatiseren, de samenwerking tussen teams te verbeteren, kosten te verlagen en de klanttevredenheid te verhogen.<\/p>\n<p>Bij het beoordelen van de mogelijkheden voor digitale transformatie is het belangrijk dat bedrijven rekening houden met de potenti\u00eble kosten en baten van het invoeren van nieuwe technologie\u00ebn, maar ook met de risico&#8217;s die gepaard gaan met de implementatie en integratie van deze technologie\u00ebn. Bedrijven moeten ook nadenken over de training en ondersteuning die nodig is om ervoor te zorgen dat werknemers klaar zijn om nieuwe technologie\u00ebn te gebruiken en hun potentieel te benutten.<\/p>\n<p>Uiteindelijk kan het beoordelen van digitale transformatiemogelijkheden bedrijven helpen nieuwe technologie\u00ebn toe te passen en de effici\u00ebntie en productiviteit te verbeteren met behulp van SaaS-applicatiebeheeroplossingen. Het kan bedrijven ook helpen concurrerend te blijven in de steeds veranderende markt en te reageren op veranderende behoeften van klanten.<\/p>\n\t\t\t\t\t\t\t\t<\/div>\n\t\t\t\t<\/div>\n\t\t\t\t\t<\/div>\n\t\t\t\t<\/div>\n\t\t\t\t<\/div>\n\t\t","protected":false},"excerpt":{"rendered":"<p>Digitale transformatie is een belangrijk initiatief voor bedrijven van alle groottes en in alle sectoren, gericht op het toepassen van nieuwe technologie\u00ebn om hun effici\u00ebntie en productiviteit te verbeteren, evenals hun vermogen om te innoveren en zich aan te passen aan veranderingen in de markt. SaaS-oplossingen voor applicatiebeheer kunnen een sleutelrol spelen in deze transformatie [&hellip;]<\/p>\n","protected":false},"author":1,"featured_media":1500,"parent":1916,"menu_order":3,"comment_status":"closed","ping_status":"closed","template":"","meta":{"_acf_changed":false,"footnotes":""},"class_list":["post-1926","page","type-page","status-publish","has-post-thumbnail","hentry"],"acf":[],"yoast_head":"<!-- This site is optimized with the Yoast SEO plugin v27.3 - https:\/\/yoast.com\/product\/yoast-seo-wordpress\/ -->\n<title>Digitale transformatie - Megabyte Consulting<\/title>\n<meta name=\"robots\" content=\"index, follow, max-snippet:-1, max-image-preview:large, max-video-preview:-1\" \/>\n<link rel=\"canonical\" href=\"https:\/\/www.megabyte.be\/consulting\/nl\/onze-diensten\/digitale-transformatie\/\" \/>\n<meta property=\"og:locale\" content=\"nl_NL\" \/>\n<meta property=\"og:type\" content=\"article\" \/>\n<meta property=\"og:title\" content=\"Digitale transformatie - Megabyte Consulting\" \/>\n<meta property=\"og:description\" content=\"Digitale transformatie is een belangrijk initiatief voor bedrijven van alle groottes en in alle sectoren, gericht op het toepassen van nieuwe technologie\u00ebn om hun effici\u00ebntie en productiviteit te verbeteren, evenals hun vermogen om te innoveren en zich aan te passen aan veranderingen in de markt. SaaS-oplossingen voor applicatiebeheer kunnen een sleutelrol spelen in deze transformatie [&hellip;]\" \/>\n<meta property=\"og:url\" content=\"https:\/\/www.megabyte.be\/consulting\/nl\/onze-diensten\/digitale-transformatie\/\" \/>\n<meta property=\"og:site_name\" content=\"Megabyte Consulting\" \/>\n<meta property=\"article:modified_time\" content=\"2024-08-13T16:11:08+00:00\" \/>\n<meta property=\"og:image\" content=\"https:\/\/megabyte.follow-us.net\/wp-content\/uploads\/2023\/11\/Megabyte-transformation-numerique.jpg\" \/>\n\t<meta property=\"og:image:width\" content=\"1920\" \/>\n\t<meta property=\"og:image:height\" content=\"500\" \/>\n\t<meta property=\"og:image:type\" content=\"image\/jpeg\" \/>\n<meta name=\"twitter:card\" content=\"summary_large_image\" \/>\n<meta name=\"twitter:label1\" content=\"Geschatte leestijd\" \/>\n\t<meta name=\"twitter:data1\" content=\"2 minuten\" \/>\n<script type=\"application\/ld+json\" class=\"yoast-schema-graph\">{\"@context\":\"https:\\\/\\\/schema.org\",\"@graph\":[{\"@type\":\"WebPage\",\"@id\":\"https:\\\/\\\/www.megabyte.be\\\/consulting\\\/nl\\\/onze-diensten\\\/digitale-transformatie\\\/\",\"url\":\"https:\\\/\\\/www.megabyte.be\\\/consulting\\\/nl\\\/onze-diensten\\\/digitale-transformatie\\\/\",\"name\":\"Digitale transformatie - Megabyte Consulting\",\"isPartOf\":{\"@id\":\"https:\\\/\\\/megabyte.follow-us.net\\\/#website\"},\"primaryImageOfPage\":{\"@id\":\"https:\\\/\\\/www.megabyte.be\\\/consulting\\\/nl\\\/onze-diensten\\\/digitale-transformatie\\\/#primaryimage\"},\"image\":{\"@id\":\"https:\\\/\\\/www.megabyte.be\\\/consulting\\\/nl\\\/onze-diensten\\\/digitale-transformatie\\\/#primaryimage\"},\"thumbnailUrl\":\"https:\\\/\\\/www.megabyte.be\\\/consulting\\\/wp-content\\\/uploads\\\/2023\\\/11\\\/Megabyte-transformation-numerique.jpg\",\"datePublished\":\"2023-11-29T10:18:17+00:00\",\"dateModified\":\"2024-08-13T16:11:08+00:00\",\"breadcrumb\":{\"@id\":\"https:\\\/\\\/www.megabyte.be\\\/consulting\\\/nl\\\/onze-diensten\\\/digitale-transformatie\\\/#breadcrumb\"},\"inLanguage\":\"nl-NL\",\"potentialAction\":[{\"@type\":\"ReadAction\",\"target\":[\"https:\\\/\\\/www.megabyte.be\\\/consulting\\\/nl\\\/onze-diensten\\\/digitale-transformatie\\\/\"]}]},{\"@type\":\"ImageObject\",\"inLanguage\":\"nl-NL\",\"@id\":\"https:\\\/\\\/www.megabyte.be\\\/consulting\\\/nl\\\/onze-diensten\\\/digitale-transformatie\\\/#primaryimage\",\"url\":\"https:\\\/\\\/www.megabyte.be\\\/consulting\\\/wp-content\\\/uploads\\\/2023\\\/11\\\/Megabyte-transformation-numerique.jpg\",\"contentUrl\":\"https:\\\/\\\/www.megabyte.be\\\/consulting\\\/wp-content\\\/uploads\\\/2023\\\/11\\\/Megabyte-transformation-numerique.jpg\",\"width\":1920,\"height\":500},{\"@type\":\"BreadcrumbList\",\"@id\":\"https:\\\/\\\/www.megabyte.be\\\/consulting\\\/nl\\\/onze-diensten\\\/digitale-transformatie\\\/#breadcrumb\",\"itemListElement\":[{\"@type\":\"ListItem\",\"position\":1,\"name\":\"Home\",\"item\":\"https:\\\/\\\/www.megabyte.be\\\/consulting\\\/nl\\\/\"},{\"@type\":\"ListItem\",\"position\":2,\"name\":\"Onze diensten\",\"item\":\"https:\\\/\\\/megabyte.follow-us.net\\\/nl\\\/onze-diensten\\\/\"},{\"@type\":\"ListItem\",\"position\":3,\"name\":\"Digitale transformatie\"}]},{\"@type\":\"WebSite\",\"@id\":\"https:\\\/\\\/megabyte.follow-us.net\\\/#website\",\"url\":\"https:\\\/\\\/megabyte.follow-us.net\\\/\",\"name\":\"Megabyte Consulting\",\"description\":\"\",\"publisher\":{\"@id\":\"https:\\\/\\\/megabyte.follow-us.net\\\/#organization\"},\"potentialAction\":[{\"@type\":\"SearchAction\",\"target\":{\"@type\":\"EntryPoint\",\"urlTemplate\":\"https:\\\/\\\/megabyte.follow-us.net\\\/?s={search_term_string}\"},\"query-input\":{\"@type\":\"PropertyValueSpecification\",\"valueRequired\":true,\"valueName\":\"search_term_string\"}}],\"inLanguage\":\"nl-NL\"},{\"@type\":\"Organization\",\"@id\":\"https:\\\/\\\/megabyte.follow-us.net\\\/#organization\",\"name\":\"Megabyte Consulting\",\"url\":\"https:\\\/\\\/megabyte.follow-us.net\\\/\",\"logo\":{\"@type\":\"ImageObject\",\"inLanguage\":\"nl-NL\",\"@id\":\"https:\\\/\\\/megabyte.follow-us.net\\\/#\\\/schema\\\/logo\\\/image\\\/\",\"url\":\"https:\\\/\\\/www.megabyte.be\\\/consulting\\\/wp-content\\\/uploads\\\/2023\\\/08\\\/Megabyte_Consulting_Logotype.svg\",\"contentUrl\":\"https:\\\/\\\/www.megabyte.be\\\/consulting\\\/wp-content\\\/uploads\\\/2023\\\/08\\\/Megabyte_Consulting_Logotype.svg\",\"width\":323,\"height\":56,\"caption\":\"Megabyte Consulting\"},\"image\":{\"@id\":\"https:\\\/\\\/megabyte.follow-us.net\\\/#\\\/schema\\\/logo\\\/image\\\/\"}}]}<\/script>\n<!-- \/ Yoast SEO plugin. -->","yoast_head_json":{"title":"Digitale transformatie - Megabyte Consulting","robots":{"index":"index","follow":"follow","max-snippet":"max-snippet:-1","max-image-preview":"max-image-preview:large","max-video-preview":"max-video-preview:-1"},"canonical":"https:\/\/www.megabyte.be\/consulting\/nl\/onze-diensten\/digitale-transformatie\/","og_locale":"nl_NL","og_type":"article","og_title":"Digitale transformatie - Megabyte Consulting","og_description":"Digitale transformatie is een belangrijk initiatief voor bedrijven van alle groottes en in alle sectoren, gericht op het toepassen van nieuwe technologie\u00ebn om hun effici\u00ebntie en productiviteit te verbeteren, evenals hun vermogen om te innoveren en zich aan te passen aan veranderingen in de markt. SaaS-oplossingen voor applicatiebeheer kunnen een sleutelrol spelen in deze transformatie [&hellip;]","og_url":"https:\/\/www.megabyte.be\/consulting\/nl\/onze-diensten\/digitale-transformatie\/","og_site_name":"Megabyte Consulting","article_modified_time":"2024-08-13T16:11:08+00:00","og_image":[{"width":1920,"height":500,"url":"https:\/\/megabyte.follow-us.net\/wp-content\/uploads\/2023\/11\/Megabyte-transformation-numerique.jpg","type":"image\/jpeg"}],"twitter_card":"summary_large_image","twitter_misc":{"Geschatte leestijd":"2 minuten"},"schema":{"@context":"https:\/\/schema.org","@graph":[{"@type":"WebPage","@id":"https:\/\/www.megabyte.be\/consulting\/nl\/onze-diensten\/digitale-transformatie\/","url":"https:\/\/www.megabyte.be\/consulting\/nl\/onze-diensten\/digitale-transformatie\/","name":"Digitale transformatie - Megabyte Consulting","isPartOf":{"@id":"https:\/\/megabyte.follow-us.net\/#website"},"primaryImageOfPage":{"@id":"https:\/\/www.megabyte.be\/consulting\/nl\/onze-diensten\/digitale-transformatie\/#primaryimage"},"image":{"@id":"https:\/\/www.megabyte.be\/consulting\/nl\/onze-diensten\/digitale-transformatie\/#primaryimage"},"thumbnailUrl":"https:\/\/www.megabyte.be\/consulting\/wp-content\/uploads\/2023\/11\/Megabyte-transformation-numerique.jpg","datePublished":"2023-11-29T10:18:17+00:00","dateModified":"2024-08-13T16:11:08+00:00","breadcrumb":{"@id":"https:\/\/www.megabyte.be\/consulting\/nl\/onze-diensten\/digitale-transformatie\/#breadcrumb"},"inLanguage":"nl-NL","potentialAction":[{"@type":"ReadAction","target":["https:\/\/www.megabyte.be\/consulting\/nl\/onze-diensten\/digitale-transformatie\/"]}]},{"@type":"ImageObject","inLanguage":"nl-NL","@id":"https:\/\/www.megabyte.be\/consulting\/nl\/onze-diensten\/digitale-transformatie\/#primaryimage","url":"https:\/\/www.megabyte.be\/consulting\/wp-content\/uploads\/2023\/11\/Megabyte-transformation-numerique.jpg","contentUrl":"https:\/\/www.megabyte.be\/consulting\/wp-content\/uploads\/2023\/11\/Megabyte-transformation-numerique.jpg","width":1920,"height":500},{"@type":"BreadcrumbList","@id":"https:\/\/www.megabyte.be\/consulting\/nl\/onze-diensten\/digitale-transformatie\/#breadcrumb","itemListElement":[{"@type":"ListItem","position":1,"name":"Home","item":"https:\/\/www.megabyte.be\/consulting\/nl\/"},{"@type":"ListItem","position":2,"name":"Onze diensten","item":"https:\/\/megabyte.follow-us.net\/nl\/onze-diensten\/"},{"@type":"ListItem","position":3,"name":"Digitale transformatie"}]},{"@type":"WebSite","@id":"https:\/\/megabyte.follow-us.net\/#website","url":"https:\/\/megabyte.follow-us.net\/","name":"Megabyte Consulting","description":"","publisher":{"@id":"https:\/\/megabyte.follow-us.net\/#organization"},"potentialAction":[{"@type":"SearchAction","target":{"@type":"EntryPoint","urlTemplate":"https:\/\/megabyte.follow-us.net\/?s={search_term_string}"},"query-input":{"@type":"PropertyValueSpecification","valueRequired":true,"valueName":"search_term_string"}}],"inLanguage":"nl-NL"},{"@type":"Organization","@id":"https:\/\/megabyte.follow-us.net\/#organization","name":"Megabyte Consulting","url":"https:\/\/megabyte.follow-us.net\/","logo":{"@type":"ImageObject","inLanguage":"nl-NL","@id":"https:\/\/megabyte.follow-us.net\/#\/schema\/logo\/image\/","url":"https:\/\/www.megabyte.be\/consulting\/wp-content\/uploads\/2023\/08\/Megabyte_Consulting_Logotype.svg","contentUrl":"https:\/\/www.megabyte.be\/consulting\/wp-content\/uploads\/2023\/08\/Megabyte_Consulting_Logotype.svg","width":323,"height":56,"caption":"Megabyte Consulting"},"image":{"@id":"https:\/\/megabyte.follow-us.net\/#\/schema\/logo\/image\/"}}]}},"_links":{"self":[{"href":"https:\/\/www.megabyte.be\/consulting\/nl\/wp-json\/wp\/v2\/pages\/1926","targetHints":{"allow":["GET"]}}],"collection":[{"href":"https:\/\/www.megabyte.be\/consulting\/nl\/wp-json\/wp\/v2\/pages"}],"about":[{"href":"https:\/\/www.megabyte.be\/consulting\/nl\/wp-json\/wp\/v2\/types\/page"}],"author":[{"embeddable":true,"href":"https:\/\/www.megabyte.be\/consulting\/nl\/wp-json\/wp\/v2\/users\/1"}],"replies":[{"embeddable":true,"href":"https:\/\/www.megabyte.be\/consulting\/nl\/wp-json\/wp\/v2\/comments?post=1926"}],"version-history":[{"count":6,"href":"https:\/\/www.megabyte.be\/consulting\/nl\/wp-json\/wp\/v2\/pages\/1926\/revisions"}],"predecessor-version":[{"id":2379,"href":"https:\/\/www.megabyte.be\/consulting\/nl\/wp-json\/wp\/v2\/pages\/1926\/revisions\/2379"}],"up":[{"embeddable":true,"href":"https:\/\/www.megabyte.be\/consulting\/nl\/wp-json\/wp\/v2\/pages\/1916"}],"wp:featuredmedia":[{"embeddable":true,"href":"https:\/\/www.megabyte.be\/consulting\/nl\/wp-json\/wp\/v2\/media\/1500"}],"wp:attachment":[{"href":"https:\/\/www.megabyte.be\/consulting\/nl\/wp-json\/wp\/v2\/media?parent=1926"}],"curies":[{"name":"wp","href":"https:\/\/api.w.org\/{rel}","templated":true}]}}